{"id":988,"date":"2013-09-06T13:41:37","date_gmt":"2013-09-06T11:41:37","guid":{"rendered":"http:\/\/wp.cycling-family.info\/?page_id=988"},"modified":"2013-10-27T19:55:52","modified_gmt":"2013-10-27T17:55:52","slug":"mit-koepfchen-fahren","status":"publish","type":"page","link":"https:\/\/wp.cycling-family.info\/?page_id=988","title":{"rendered":"Mit K\u00f6pfchen fahren"},"content":{"rendered":"<p>Das hei\u00dft f\u00fcr die Cycling Family, immer die Steuerzentrale des K\u00f6rpers entsprechend zu sch\u00fctzen. Wir fahren nie oben ohne. Wir haben selbst schon den ein oder anderen Sturz hinter uns, aber wir mussten als Familie 2008 auf unserer R\u00fcgen Bornholm Reise den Sturz einer Franz\u00f6sin mit erleben. die Dame war ohne Helm unterwegs und wurde mit sehr schweren Kopfverletzungen ins Krankenhaus eingeliefert. Darum den Verstand ben\u00fctzen und den Kopf mit einem Helm sch\u00fctzen :-).<\/p>\n<p style=\"text-align: center;\"><img loading=\"lazy\" decoding=\"async\" class=\"aligncenter\" title=\"Die Helme der Cycling Family\" alt=\"\" src=\"http:\/\/wp.cycling-family.info\/wp-content\/galleries\/ausruestung\/helme001.jpg\" width=\"640\" height=\"426\" \/><\/p>\n<p>&nbsp;<\/p>\n<p>&nbsp;<\/p>\n","protected":false},"excerpt":{"rendered":"<p>Das hei\u00dft f\u00fcr die Cycling Family, immer die Steuerzentrale des K\u00f6rpers entsprechend zu sch\u00fctzen. Wir fahren nie oben ohne. Wir haben selbst schon den ein oder anderen Sturz hinter uns, aber wir mussten als Familie 2008 auf unserer R\u00fcgen Bornholm &hellip; <a href=\"https:\/\/wp.cycling-family.info\/?page_id=988\">Weiterlesen <span class=\"meta-nav\">&rarr;<\/span><\/a><\/p>\n","protected":false},"author":1,"featured_media":0,"parent":0,"menu_order":0,"comment_status":"closed","ping_status":"closed","template":"","meta":{"ngg_post_thumbnail":0,"jetpack_post_was_ever_published":false,"footnotes":""},"jetpack_shortlink":"https:\/\/wp.me\/P3JTu5-fW","jetpack_sharing_enabled":true,"_links":{"self":[{"href":"https:\/\/wp.cycling-family.info\/index.php?rest_route=\/wp\/v2\/pages\/988"}],"collection":[{"href":"https:\/\/wp.cycling-family.info\/index.php?rest_route=\/wp\/v2\/pages"}],"about":[{"href":"https:\/\/wp.cycling-family.info\/index.php?rest_route=\/wp\/v2\/types\/page"}],"author":[{"embeddable":true,"href":"https:\/\/wp.cycling-family.info\/index.php?rest_route=\/wp\/v2\/users\/1"}],"replies":[{"embeddable":true,"href":"https:\/\/wp.cycling-family.info\/index.php?rest_route=%2Fwp%2Fv2%2Fcomments&post=988"}],"version-history":[{"count":4,"href":"https:\/\/wp.cycling-family.info\/index.php?rest_route=\/wp\/v2\/pages\/988\/revisions"}],"predecessor-version":[{"id":1433,"href":"https:\/\/wp.cycling-family.info\/index.php?rest_route=\/wp\/v2\/pages\/988\/revisions\/1433"}],"wp:attachment":[{"href":"https:\/\/wp.cycling-family.info\/index.php?rest_route=%2Fwp%2Fv2%2Fmedia&parent=988"}],"curies":[{"name":"wp","href":"https:\/\/api.w.org\/{rel}","templated":true}]}}