{"id":874,"date":"2013-09-04T11:29:22","date_gmt":"2013-09-04T09:29:22","guid":{"rendered":"http:\/\/wp.cycling-family.info\/?page_id=874"},"modified":"2014-10-29T11:51:15","modified_gmt":"2014-10-29T09:51:15","slug":"cycling-family-auf-der-limfjordroute","status":"publish","type":"page","link":"https:\/\/wp.cycling-family.info\/?page_id=874","title":{"rendered":"Limfjordroute 2013"},"content":{"rendered":"<p>Es gibt ein neues Kapitel in dem Buch der Cycling Family, unsere diesj\u00e4hrige Tour um den Limfjord in D\u00e4nemark, 630 Kilometer in 10 Tagen. Es war 2005 als wir unsere erste <a title=\"Limfjordtour 2005\" href=\"http:\/\/wp.cycling-family.info\/?page_id=409\" target=\"_blank\"><strong>Gro\u00dfe Tour<\/strong><\/a> machen wollten. Abbruch nach 4 Tagen weil Lydia ein dickes Knie hatte. Mit diesem Hintergund geht man dann nat\u00fcrlich mit etwas gemischten Gef\u00fchelen an den neuen Versuch\u00a0 der Limfjordumrundung.<\/p>\n<p><strong>Tag 1 <\/strong><strong>19.08.2013 Lemvig &gt; S\u00f6nder Ydby 65Km 237Hm<\/strong><\/p>\n<p style=\"text-align: left;\">Gestern sind wir abends in <strong><a title=\"Lemvig Campingplatz\" href=\"http:\/\/www.lemvigcamping.dk\/\" target=\"_blank\">Lemvig auf dem Campingplatz<\/a><\/strong> angekommen, hier d\u00fcfen wir unser Auto f\u00fcr die n\u00e4chsten Tage am Campingplatz stehen lassen. Das hatten wir vorher per email abgekl\u00e4rt. Heute starten wir in Lemvig der erste Streckenabschnitt ist uns noch von 2005 bekannt. Lydia und ich auf dem <a title=\"Santos Double Travel\" href=\"http:\/\/www.santosbikes.com\/assortiment\/tandem-dual-travel\" target=\"_blank\"><strong>Santos Tandem<\/strong><\/a> mit Diego im BoB,<img loading=\"lazy\" decoding=\"async\" class=\"aligncenter\" title=\"Lydia und Thomas auf dem Santos Double Travel Tandem mit Diego im BoB Ibex\" src=\"http:\/\/wp.cycling-family.info\/wp-content\/galleries\/limfjordroute_2013\/limfjordroute-43.jpg\" alt=\"\" width=\"560\" height=\"373\" \/>Marco und Fabio auf dem alten Tandem, ebenfalls mit BoB,<img loading=\"lazy\" decoding=\"async\" class=\"aligncenter\" title=\" Marco und Fabio mit BoB Yak\" src=\"http:\/\/wp.cycling-family.info\/wp-content\/galleries\/limfjordroute_2013\/limfjordroute-40.jpg\" alt=\"\" width=\"560\" height=\"373\" \/>Timo und Nico jeweils auf einem <a title=\"Patria Terra\" href=\"http:\/\/www.patria.net\/fahrraeder\/terra\/\" target=\"_blank\"><strong>Patria Terra<\/strong><\/a>.<img loading=\"lazy\" decoding=\"async\" class=\"aligncenter\" title=\"Timo auf Patria Terra\" src=\"http:\/\/wp.cycling-family.info\/wp-content\/galleries\/limfjordroute_2013\/limfjordroute-42.jpg\" alt=\"\" width=\"560\" height=\"373\" \/><img loading=\"lazy\" decoding=\"async\" class=\"aligncenter\" title=\" Nico auf Patria Terra\" src=\"http:\/\/wp.cycling-family.info\/wp-content\/galleries\/limfjordroute_2013\/limfjordroute-41.jpg\" alt=\"\" width=\"560\" height=\"373\" \/><\/p>\n<p style=\"text-align: left;\">Wir schwelgen ein wenig\u00a0 in Erinnerungen und machen ein Foto an der selben Stelle wie\u00a0 damals.<img loading=\"lazy\" decoding=\"async\" class=\"aligncenter\" title=\"Cycling Family an der Nordsee kurz vor Thybor\u00f6n\" src=\"http:\/\/wp.cycling-family.info\/wp-content\/galleries\/limfjordroute_2013\/limfjordtour001.jpg\" alt=\"\" width=\"560\" height=\"367\" \/>Wir schauen kurz beim Schneckenhaus vorbei <img loading=\"lazy\" decoding=\"async\" class=\"aligncenter\" title=\" Am Scheckenhaus von Thybor\u00f6n\" src=\"http:\/\/wp.cycling-family.info\/wp-content\/galleries\/limfjordroute_2013\/limfjordroute-39.jpg\" alt=\"\" width=\"560\" height=\"373\" \/>und dann geht es auf die F\u00e4hre und den langen Deich nach Aager. Dieses mal haben wir mal keinen Gegenwind. Es ist eine sehr sch\u00f6ne Strecke mit ein paar wenigen Steigungen und einer sehr sch\u00f6nen\u00a0 Abfahrt runter nach Draget. Abends schlagen wir unsere Zelte auf dem gleichen \u00dcbernachtungsplatz wie 2005 auf. Aber der erste Tag hat seine Spuren hinterlassen. Marco hat Knieprobleme ebenso Lydia. Vielleicht ist es uns ja nicht gegeben diese Tour zu fahren. Aber wir beschlie\u00dfen eine Nacht dar\u00fcber zu schlafen.<\/p>\n<p><strong>Tag 2 20.08.2013 S\u00f6nder Ydby &gt; Thisted 63Km 463Hm<\/strong><\/p>\n<p style=\"text-align: center;\">Der Tag heute beginnt nicht sehr vielversprechend. Als erstes Stelle ich fest, das wir am BoB Yak einen Platten haben. Beim Fr\u00fchst\u00fcck \u00fcberlegen wir, was wir anders machen k\u00f6nnten. Timo erkl\u00e4rt sich bereit den BoB\u00a0 versuchsweise zu ziehen. Daraufhin ver\u00e4ndern wir die Packordnung. Marco nimmt das gro\u00dfe <a title=\"Vaude Opera\" href=\"http:\/\/www.vaude.com\/de-DE\/Produkte\/Ausruestung\/Opera-4P-green.html?listtype=search&amp;searchparam=Opera\" target=\"_blank\"><strong>Vaude Zelt<\/strong><\/a> und die K\u00fcche\u00a0<img loading=\"lazy\" decoding=\"async\" class=\"aligncenter\" title=\"Marco und Fabio tauschen den BoB gegen das gro\u00dfes Vaude Zelt und die schwere K\u00fcche. \" src=\"http:\/\/wp.cycling-family.info\/wp-content\/galleries\/limfjordroute_2013\/limfjordtour-2.jpg\" alt=\"\" width=\"560\" height=\"373\" \/><\/p>\n<p>\u00a0und Timo hat an seinem Bike dann nur Kleidung und daf\u00fcr den BoB.<img loading=\"lazy\" decoding=\"async\" class=\"aligncenter\" title=\"Timo zieht nach dem zweiten Tag den BoB Yak\" src=\"http:\/\/wp.cycling-family.info\/wp-content\/galleries\/limfjordroute_2013\/limfjordtour-3.jpg\" alt=\"\" width=\"560\" height=\"373\" \/>Mit dieser Kombi wollen wir es heute versuchen. Wir brechen auf Richtung Thisted. Es ist heute ziemlich wellig, von wegen D\u00e4nemark ist flach. H\u00fcgel hoch, H\u00fcgel runter :-(. Mittag machen wir in M\u00f6gelvang an einer Bushaltestelle mit kleiner Gr\u00fcnfl\u00e4che und Tisch.<img loading=\"lazy\" decoding=\"async\" class=\"aligncenter\" title=\"Mittagspause in M\u00f6gelvang\" src=\"http:\/\/wp.cycling-family.info\/wp-content\/galleries\/limfjordroute_2013\/limfjordroute-45.jpg\" alt=\"\" width=\"560\" height=\"373\" \/> Nachdem\u00a0 wir uns gest\u00e4rkt haben, rollen wir weiter nach Thisted, erg\u00e4nzen unsere Vorr\u00e4te und machen uns auf die Suche nach unserem \u00dcbernachtungs-platz. Wir finden in schlie\u00dflich nach etwas suchen in einem kleinen Wald direkt am Fjord. Super Lage, Meerblick incl. sogenannter Shelter,<img loading=\"lazy\" decoding=\"async\" class=\"aligncenter\" title=\"Cycling Family auf einem \u00dcbernachtungsplatz am Limfjord in der N\u00e4he von Thisted\" src=\"http:\/\/wp.cycling-family.info\/wp-content\/galleries\/limfjordroute_2013\/limfjordroute-46.jpg\" alt=\"\" width=\"560\" height=\"373\" \/> das sind kleine H\u00fctten in denen man dann \u00dcbernachten kann. Abends fahren Timo und ich noch Wasser holen 3 Km zur\u00fcck zum n\u00e4chsten Haus. Das kann wirklich kein Hotel bieten. Wir sind hier f\u00fcr uns ganz alleine.<\/p>\n<p><strong>Tag 3 21.08.2013 Thisted &gt; Bjerget 84Km 225Hm<\/strong><\/p>\n<p style=\"text-align: left;\">Diese Etappe heute verl\u00e4uft ganz unproblematisch. Es ist weitgehenst flach hinter \u00d6sterild beginnt ein unbefestigter Weg,<img loading=\"lazy\" decoding=\"async\" class=\"aligncenter\" title=\"Cycling Family auf der Limfjordroute zwischen \u00d6sterild und Vesl\u00f6s\" src=\"http:\/\/wp.cycling-family.info\/wp-content\/galleries\/limfjordroute_2013\/limfjordroute-51.jpg\" alt=\"\" width=\"560\" height=\"373\" \/> der gut 10Km lang ist und nach ca. 7km in der N\u00e4he des T\u00f6mmerby Fjord entlang f\u00fchrt. Dort gibt es einen Aussichtsturm\u00a0wo man gut V\u00f6gel beobachten kann.<img loading=\"lazy\" decoding=\"async\" class=\"aligncenter\" title=\" Aussichtsturm am T\u00f6mmerby Fjord\" src=\"http:\/\/wp.cycling-family.info\/wp-content\/galleries\/limfjordroute_2013\/limfjordroute-52.jpg\" alt=\"\" width=\"560\" height=\"373\" \/> Wir nutzen den Turm f\u00fcr einen kurzen Pausenstopp und einen Eintrag in G\u00e4stebuch.<img loading=\"lazy\" decoding=\"async\" class=\"aligncenter\" title=\"Eintrag ins G\u00e4stebuch T\u00f6mmerbyfjord\" src=\"http:\/\/wp.cycling-family.info\/wp-content\/galleries\/limfjordroute_2013\/limfjordroute-53.jpg\" alt=\"\" width=\"560\" height=\"373\" \/> Dieser Weg l\u00e4\u00dft sich sehr gut befahren obwohl nicht befestigt, kommen wir gut voran. Danach rollen wir \u00fcber einen Deich durch den Lundfjord.\u00a0 In Klim wohnt jemand, der sein Haus mit Holzschuhen verziehrt hat (Holl\u00e4nder?).<img loading=\"lazy\" decoding=\"async\" class=\"aligncenter\" title=\"Holzschuhhaus in Klim \" src=\"http:\/\/wp.cycling-family.info\/wp-content\/galleries\/limfjordroute_2013\/limfjordroute-54.jpg\" alt=\"\" width=\"560\" height=\"373\" \/>In Fjerritslev ist mal wieder Vorratserg\u00e4nzug angesagt. Es ist kurz vor Mittag und Lydia schl\u00e4gt vor das wir nur f\u00fcrs Mittagessen einkaufen. Damit Nico nicht so schwere Packtaschen hat, f\u00fcr die letzten Kilometer. Diesmal erweist es sich als Fehler, das ich auf meine Frau h\u00f6re. Denn merke lieber Leser, bis Gj\u00f6l gibt es leider kein Gesch\u00e4ft mehr an der Strecke.\u00a0 Da sich kein K\u00f6bman mehr findet, \u00fcberlegen wir dann den n\u00e4chsten Campingplatz in Haverslev an zu steuern, aber hier ist keiner und der Shop hat nur morgens offen. Wir sind mit Ende August wohl schon etwas sp\u00e4t dran. Also beschlie\u00dfen wir dann bis kurz vor Gj\u00f6l weiter zu fahren\u00a0 und dort auf den \u00dcbernachungsplatz zu gehen. Der Himmel zieht sich bedrohlich zu.<img loading=\"lazy\" decoding=\"async\" class=\"aligncenter\" title=\"Wir m\u00fcssen 20 Kilometer mehr fahren bis Bjerget \" src=\"http:\/\/wp.cycling-family.info\/wp-content\/galleries\/limfjordroute_2013\/limfjordroute-55.jpg\" alt=\"\" width=\"560\" height=\"373\" \/> Aber wir erreichen den Platz bevor es anf\u00e4ngt zu regnen. Die Jungs packen ab und Lydia und ich zischen ohne Gep\u00e4ck schnell zum Einkaufen, so das wir noch 10Km mehr fahren heute. Abends regnet es und wir bauen unser\u00a0 <strong><a title=\"Vaude\" href=\"http:\/\/www.vaude.com\/de-DE\/startseite\/\" target=\"_blank\">Vaude <\/a><\/strong>Tarp auf<img loading=\"lazy\" decoding=\"async\" class=\"aligncenter\" title=\"Unser Vaude Tarp ist immer eine gute Ausr\u00fcstungserg\u00e4nzung bei Shitwedder ;-)\" src=\"http:\/\/wp.cycling-family.info\/wp-content\/galleries\/limfjordroute_2013\/limfjordtour007.jpg\" alt=\"\" width=\"560\" height=\"373\" \/> so dass wir trocken essen k\u00f6nnen, \u00dcbernachtet wird in den H\u00fctten. Wir teilen auf in Langschl\u00e4fer und Fr\u00fchaufsteher.<\/p>\n<p>&nbsp;<\/p>\n<p><strong>Tag 4\u00a0 22.08.2013 Bjerget &gt; Aalborg 30Km<\/strong><\/p>\n<p>Nachdem wir gestern so viel geradelt sind, haben wir uns \u00fcberlegt das wir heute nach Aalborg auf den Campingplatz zu fahren. Es gibt dort ein Freibad mit einem 10m Turm und so bleibt Zeit daf\u00fcr, zu erleben wie unser 10 J\u00e4hriger das erste mal aus dieser H\u00f6he springt.<img loading=\"lazy\" decoding=\"async\" class=\"aligncenter\" title=\"Fabio springt vom 10 Meter Turm im Friluftsbad in Aalboorg\" src=\"http:\/\/wp.cycling-family.info\/wp-content\/galleries\/limfjordroute_2013\/limfjordroute-62.jpg\" alt=\"\" width=\"373\" height=\"560\" \/> Abends \u00fcberlegen wir uns den Jungs einen Ruhetag ein zu r\u00e4umen und mit Lydia die Runde \u00fcber Hals nur mit dem <a title=\"Santos Double Travel\" href=\"http:\/\/www.santosbikes.com\/assortiment\/tandem-dual-travel\"><strong>Santos Tandem<\/strong> <\/a>zu machen. So k\u00f6nnen die Jungs auch einmal ausschlafen, was f\u00fcr Teenager\u00a0 ja nicht unwichtig ist ;-). die Karte verhei\u00dft eine monotone flach Etappe.<\/p>\n<p><strong>Tag 5\u00a0 23.08.2013\u00a0 Aalborg &gt; Hals &gt; Aalborg 80Km\u00a0 95Hm<\/strong><\/p>\n<p style=\"text-align: left;\">Lydia und ich starten morgens gegen 9.00 Uhr in Aalborg. Was die Karte schon als monoton und flach angek\u00fcndigt hat, deckt sich mit der Realit\u00e4t. Es ist so flach das du heute schon sehen kannst, wer morgen zu Besuch kommt.<img loading=\"lazy\" decoding=\"async\" class=\"aligncenter\" title=\"Flachetappe auf Santos Double Travel\" src=\"http:\/\/wp.cycling-family.info\/wp-content\/galleries\/limfjordroute_2013\/limfjordroute-58.jpg\" alt=\"\" width=\"560\" height=\"373\" \/><\/p>\n<p>\u00a0Wir schauen kurz bei dem \u00dcbernachtungsplatz vorbei, auf dem wir n\u00e4chtigen wollten. <img loading=\"lazy\" decoding=\"async\" class=\"aligncenter\" title=\"Overnting Teldplads in D\u00e4nemark\" src=\"http:\/\/wp.cycling-family.info\/wp-content\/galleries\/limfjordroute_2013\/limfjordroute-59.jpg\" alt=\"\" width=\"560\" height=\"373\" \/>Es ist ein sehr sch\u00f6ner Platz. Dann geht es weiter bis Hals, sch\u00f6nes kleines St\u00e4dtchen, nette F\u00e4hre. Mittags sind wir wieder bei den Zelten.<img loading=\"lazy\" decoding=\"async\" class=\"aligncenter\" title=\" auf der F\u00e4hre in Hals mit Santos Tandem\" src=\"http:\/\/wp.cycling-family.info\/wp-content\/galleries\/limfjordroute_2013\/limfjordroute-60.jpg\" alt=\"\" width=\"560\" height=\"373\" \/><strong>Tag 6\u00a0 24.08.2013 Aalborg &gt; Trend<\/strong> <strong>81Km\u00a0 243Hm<\/strong><\/p>\n<p style=\"text-align: left;\">Heute starten wir gegen 10.00 Uhr. Nach 700m haben wir einen Platten nat\u00fcrlich hinten an Timos Patria Terra.<img loading=\"lazy\" decoding=\"async\" class=\"aligncenter\" title=\" Platter Reifen am Patria  Terra\" src=\"http:\/\/wp.cycling-family.info\/wp-content\/galleries\/limfjordroute_2013\/limfjordroute-63.jpg\" alt=\"\" width=\"560\" height=\"373\" \/> Das hei\u00dft BoB abh\u00e4ngen und dann erstmal den Schlauch tauschen . Nach 20 minuten geht es weiter, flicken tun wir abends. Wir machen einen Kurzstopp im Stroh,<strong> <img loading=\"lazy\" decoding=\"async\" class=\"aligncenter\" title=\" Pause im Stroh mit Santos Double Travel\" src=\"http:\/\/wp.cycling-family.info\/wp-content\/galleries\/limfjordroute_2013\/limfjordroute-64.jpg\" alt=\"\" width=\"560\" height=\"373\" \/><\/strong>fahren \u00fcber Nibe bis Aagersund 7Km vor dem \u00dcbernachtungsplatz, haben wir die Wahl zwischen Schotterpiste oder Wiesenweg. Es ist wie die Wahl zwischen Pest und Cholera, beides ist mist. Der Schotterweg ist kr\u00e4ftezehrend aber auf dem Wiesenweg rollt es sich auch keinen deut besser. Viele Unebenheiten erkenne ich gar nicht oder zu sp\u00e4t. So werden wir t\u00fcchtig durchger\u00fcttelt. Als wir den \u00dcbernachtungsplatz erreichen ist es gerade 14.00 Uhr und wir entschlie\u00dfen uns dann nach der Mittagspause noch gut 20 Km dran zu h\u00e4ngen.\u00a0 In L\u00f6gst\u00f6r kommen wir am Limfjordmuseum vorbei der Ort selbst ist auch sehr sch\u00f6n.<img loading=\"lazy\" decoding=\"async\" class=\"aligncenter\" title=\"Cycling Family am Limfjordmuseum in L\u00f6gst\u00f6r\" src=\"http:\/\/wp.cycling-family.info\/wp-content\/galleries\/limfjordroute_2013\/limfjordroute-65.jpg\" alt=\"\" width=\"560\" height=\"373\" \/><\/p>\n<p style=\"text-align: left;\">\u00a0Vor dem Kanalhaus machen wir noch einen Fotostop.<strong><img loading=\"lazy\" decoding=\"async\" class=\"aligncenter\" title=\" Cycling Family am Kanalhuse kurz vor Lendrup Huse\" src=\"http:\/\/wp.cycling-family.info\/wp-content\/galleries\/limfjordroute_2013\/limfjordroute-67.jpg\" alt=\"\" width=\"560\" height=\"373\" \/><\/strong>Danach m\u00fcssen wir uns entscheiden ob wir nach Malle fahren\u00a0<img loading=\"lazy\" decoding=\"async\" class=\"aligncenter\" title=\"Hier geht es nach Malle\" src=\"http:\/\/wp.cycling-family.info\/wp-content\/galleries\/limfjordroute_2013\/limfjordroute-68.jpg\" alt=\"\" width=\"560\" height=\"373\" \/> oder doch weiter nach Trend. Wir entscheiden uns f\u00fcr letzteres. Auf den letzten 15 Kilometer bl\u00e4st uns eine starker Gegenwind entgegen und wir sind froh als wir am Campingplatz\u00a0 gegen 17.00 Uhr ankommen.<\/p>\n<p><strong>Tag 7\u00a0 25.08.2013 Trend &gt; Virksund 50Km 297Hm<\/strong><\/p>\n<p>Heute kommen wir gegen 10.15 Uhr los. Wir ersparen uns die vielen Schlenker \u00fcber die unbefstigten\u00a0 Wege und fahren die ersten 15Km nur Bundesstra\u00dfe. Der Wind kommt nat\u00fcrlich wieder heftig von vorn und wir freuen uns \u00fcber jeden Busch hinter dem wir Windschatten genie\u00dfen. Es rollt dann ganz gut bis Hvalpsund dort erg\u00e4nzen wir unsere Vorr\u00e4te, dann geht es weiter durch das h\u00fcgelige D\u00e4nemark. In Ulbjerg fragen wir im Sparmarkt nach dem Campingplatz. Aber der lag vor dem Ort und zur\u00fcck fahren kommt f\u00fcr uns nicht in Frage. Also rollen wir noch einmal 10km weiter nach Virksund. Dort machen wir f\u00fcr heute gegen 14.30 Uhr Schlu\u00df. Dieses Jahr lese ich aus dem kleinen Hobbit vor und wenn wir dann einmal fr\u00fcher fertig sind mit Radeln, lese ich ein paar Kapitel mehr vor.<\/p>\n<p><strong>Tag 8\u00a0 26.08.2013 Virksund &gt; Gr\u00f6nning Strand<\/strong> <strong>39Km 235Hm<\/strong><\/p>\n<p>Heute k\u00fcrzen wir etwas ab. Wir schwitzen morgens schon beim Fr\u00fchst\u00fcck und um 9.00 Uhr ist es schon 23\u00b0 warm. Die Karte verspricht ein stetiges Auf und Ab uns so fahren wir entlang der Bundesstra\u00dfe 5 km bis nach Orslevkloster. Das spart uns so ca. 30km. Den Hjarb\u00e4ck Fjord\u00a0 mit seinen H\u00fcgeln lassen wir buchst\u00e4blich links liegen. In Skive erg\u00e4nzen wir unsere Vorr\u00e4te. Leider gibt es den \u00dcbernachtungsplatz in D\u00f6lbyvad nicht mehr. Da wir ja etwas Strecke gespart haben fahren wir weiter nach Gr\u00f6nning Strand. Der \u00dcbernachtungspaltz ist etwas schwer zu finden, aber wir fragen uns durch und Zelten mal wieder sehr dicht am Limfjord.\u00a0 Mit Marco und Fabio nehmen wir ein Bad im Fjord.<img loading=\"lazy\" decoding=\"async\" class=\"aligncenter\" title=\" Endlich haben wir den \u00dcbernachtungsplatz gefunden Gr\u00f6nning Strand\" src=\"http:\/\/wp.cycling-family.info\/wp-content\/galleries\/limfjordroute_2013\/limfjordroute-70.jpg\" alt=\"\" width=\"560\" height=\"373\" \/><img loading=\"lazy\" decoding=\"async\" class=\"aligncenter\" title=\"Herzliche Aussichten auf den Fuhrpark der Cycling Family\" src=\"http:\/\/wp.cycling-family.info\/wp-content\/galleries\/limfjordroute_2013\/limfjordroute-72.jpg\" alt=\"\" width=\"560\" height=\"373\" \/><strong>Tag 9\u00a0 27.08.2013 \u00a0 Gr\u00f6nning Strand\u00a0 &gt; Glyng\u00f6re 53 Km 251 Hm<\/strong><\/p>\n<p>Wir\u00a0 starten gegen 10.15 und biegen kurz vor Breum rechts ab und lassen Sund\u00f6re rechts liegen weil wir in Thise weiter geradaus nach N\u00f6re Thise fahren. Heute gibt es nicht viel zu berrichten die wenigen Steigungen k\u00f6nnen wir mit dem Schwung der vorigen Abfahrt gut bew\u00e4ltigen. Wir haben \u00fcberwiegend R\u00fcckenwind. Einkaufen in Glyng\u00f6re. Fertig mit Radeln sind wir um 14.00 Uhr. Wir genie\u00dfen den Pool auf dem CP und sind auch hier fast die einzigen G\u00e4ste. Wir denken dar\u00fcber nach ggf. Morgen die letzten Etappen von 55 und 28 Km zusammen zu legen, wir werden das aber vom Wind abh\u00e4ngig machen.<\/p>\n<p><strong>Tag 10\u00a0 28.08.2013<\/strong> <strong>Glyng\u00f6re nach Lemvig 98Km 511Hm<\/strong><\/p>\n<p>Um 9.40 Uhr geht es heute los. Es liegen bis zum Mittag viele H\u00fcgel und viel Gegenwind vor uns und wir sind uns zwischendurch nicht mehr so sicher, ob wir heute wirklich noch bis Lemvig fahren wollen. Zwischendurch stellen wir fest das man in D\u00e4nemark auch Soccergolf spielen k\u00f6nnte (Das kennen wir aus Detmold) hier hei\u00dft das Fodboldgolf. Nach der Mittagspausegegen 13.00 Uhr <img loading=\"lazy\" decoding=\"async\" class=\"aligncenter\" title=\"Mittag kurz vor Vinderup\" src=\"http:\/\/wp.cycling-family.info\/wp-content\/galleries\/limfjordroute_2013\/limfjordroute-73.jpg\" alt=\"\" width=\"560\" height=\"373\" \/>machen wir N\u00e4gel mit K\u00f6pfen und wollen versuchen bis nach Lemvig zu fahren. Sollte wir unterwegs zu m\u00fcde werden, blieben noch 2 Campingpl\u00e4tze wenn wir uns es ggf. anders \u00fcberlgen. Leider verzetteln wir uns noch kurz vor Vinderup und es kommen noch 5 Extrakilometer dazu. Auf dem Weg nach Struer m\u00fcssen wir ordentlich in Pedale treten der Wind kommt wieder heftig von vorn. <strong><span style=\"color: #ff0000;\">Wichtiger Tipp f\u00fcr Tandemfahrer mit BoB in Struer am besten nicht dem Radweg folgen. Dort gibt es unterschiedlich enge Tore durch die man fast nicht mit dem Tandem und dem BoB durch kommt. Gekr\u00f6nt wird das ganze kurz vorm Bahnhof von einer l\u00e4ngern Treppe.<\/span><br \/>\n<\/strong>Nachdem wir diese Herausforderung gemeistert haben geht es weiter nach Humlum. Als ich an einer Haust\u00fcr klopfe und um Wasser bitten will, kann der D\u00e4ne leider kein Englisch. Aber das wir Wasser m\u00f6chten erkennt er auch ohne Englischkentnisse :-).\u00a0 Wir biegen in Humlum links ab nach Lemvig<img loading=\"lazy\" decoding=\"async\" class=\"aligncenter\" title=\" Schlussetappe, links geht es nach Lemvig und gegen den Wind und Berg hoch\" src=\"http:\/\/wp.cycling-family.info\/wp-content\/galleries\/limfjordroute_2013\/limfjordroute-76.jpg\" alt=\"\" width=\"560\" height=\"373\" \/> und die meisten H\u00f6henmeter machen wir an diesem Tag kurz vor Lemvig und m\u00fcssen uns gegen einen kr\u00e4ftigen Gegenwind stemmen. Aber wir bei\u00dfen uns durch und werden zum Schlu\u00df mit einer herrlichen Abfahrt runter nach Lemvig belohnt. Gegen 18.00 Uhr erreichen wir zufrieden den Campingplatz. Unser Auto steht noch da und wir freuen uns und sind nat\u00fcrlch auch eine wenig Stolz, das wir trotz der Probleme am ersten Tag diese Strecke gemeistert haben.<\/p>\n","protected":false},"excerpt":{"rendered":"<p>Es gibt ein neues Kapitel in dem Buch der Cycling Family, unsere diesj\u00e4hrige Tour um den Limfjord in D\u00e4nemark, 630 Kilometer in 10 Tagen. Es war 2005 als wir unsere erste Gro\u00dfe Tour machen wollten. Abbruch nach 4 Tagen weil &hellip; <a href=\"https:\/\/wp.cycling-family.info\/?page_id=874\">Weiterlesen <span class=\"meta-nav\">&rarr;<\/span><\/a><\/p>\n","protected":false},"author":1,"featured_media":0,"parent":0,"menu_order":0,"comment_status":"closed","ping_status":"closed","template":"","meta":{"ngg_post_thumbnail":0,"jetpack_post_was_ever_published":false,"footnotes":""},"jetpack_shortlink":"https:\/\/wp.me\/P3JTu5-e6","jetpack_sharing_enabled":true,"_links":{"self":[{"href":"https:\/\/wp.cycling-family.info\/index.php?rest_route=\/wp\/v2\/pages\/874"}],"collection":[{"href":"https:\/\/wp.cycling-family.info\/index.php?rest_route=\/wp\/v2\/pages"}],"about":[{"href":"https:\/\/wp.cycling-family.info\/index.php?rest_route=\/wp\/v2\/types\/page"}],"author":[{"embeddable":true,"href":"https:\/\/wp.cycling-family.info\/index.php?rest_route=\/wp\/v2\/users\/1"}],"replies":[{"embeddable":true,"href":"https:\/\/wp.cycling-family.info\/index.php?rest_route=%2Fwp%2Fv2%2Fcomments&post=874"}],"version-history":[{"count":83,"href":"https:\/\/wp.cycling-family.info\/index.php?rest_route=\/wp\/v2\/pages\/874\/revisions"}],"predecessor-version":[{"id":1772,"href":"https:\/\/wp.cycling-family.info\/index.php?rest_route=\/wp\/v2\/pages\/874\/revisions\/1772"}],"wp:attachment":[{"href":"https:\/\/wp.cycling-family.info\/index.php?rest_route=%2Fwp%2Fv2%2Fmedia&parent=874"}],"curies":[{"name":"wp","href":"https:\/\/api.w.org\/{rel}","templated":true}]}}