{"id":819,"date":"2013-08-15T11:18:51","date_gmt":"2013-08-15T09:18:51","guid":{"rendered":"http:\/\/wp.cycling-family.info\/?page_id=819"},"modified":"2014-01-24T13:11:53","modified_gmt":"2014-01-24T11:11:53","slug":"patria-winter-terra","status":"publish","type":"page","link":"https:\/\/wp.cycling-family.info\/?page_id=819","title":{"rendered":"Patria Winter Terra"},"content":{"rendered":"<p><strong>23.01.2013<\/strong><\/p>\n<p>Seit \u00fcber 16 Jahren fahre ich jetzt durch alle 4 Jahreszeiten Fahrrad, all die Erfahrungen die ich gesammelt habe sind in dieses Bike eingeflossen.<\/p>\n<p style=\"text-align: center;\"><img loading=\"lazy\" decoding=\"async\" class=\"aligncenter\" title=\"Patria (Winter) Terra \" alt=\"\" src=\"http:\/\/wp.cycling-family.info\/wp-content\/galleries\/tipps\/winterterra_02.jpg\" width=\"640\" height=\"426\" \/><\/p>\n<ul>\n<li>Rahmen Patria Terra, robust und stabil<\/li>\n<\/ul>\n<ul>\n<li>Bremse Magura MT4, (eigentlich bin ich ja HS 33 Fan, das war nach der V-Brake im Winter schon eine echte Offenbahrung aber eine Scheibenbremse ist f\u00fcr den Winter die bessere Wahl)<\/li>\n<\/ul>\n<ul>\n<li>Schaltung Rohloff Speedhub (einfach die beste Wahl, nicht nur f\u00fcr den Winter, aber da besonders effektiv, kein vereister Antrieb und du kanst mal schnell 5 G\u00e4nge runter schalten wenn du in den Tiefschnee kommst)<\/li>\n<\/ul>\n<ul>\n<li>Kettenschutz Hebie Chainglider, h\u00e4lt Kette und Ritzel salzfrei<\/li>\n<\/ul>\n<ul>\n<li>Lichtanlage Bumm IQ Cyo und Toplight Line Brake Plus<\/li>\n<\/ul>\n<ul>\n<li>SKS Radsch\u00fctzer, Hinterradradsch\u00fctzer vorne und hinten so bl\u00e4st dir der Fahrtwind nicht immer Schnee und Regen auf die Klamotten<\/li>\n<\/ul>\n<ul>\n<li>Continental Spike Claw, sehr grobstolliger Reifen wo die Spikes nur an den Seiten sind, reicht f\u00fcr unsere Verh\u00e4ltnisse im Winter aus<\/li>\n<\/ul>\n<ul>\n<li>Radtasche Vaude Aqua Back, eigentlich fahre ich nie ohne, da ist Regenkleidung drin und alles was man braucht oder auch gerade nicht braucht<\/li>\n<\/ul>\n<p><img loading=\"lazy\" decoding=\"async\" class=\"aligncenter\" title=\"Patria (Winter) Terra\" alt=\"\" src=\"http:\/\/wp.cycling-family.info\/wp-content\/galleries\/tipps\/winterterra_01.jpg\" width=\"640\" height=\"458\" \/><\/p>\n<p>&nbsp;<\/p>\n<p><strong>Radfahren im Winter geht das \u00fcberhaupt und ist das denn nicht gef\u00e4hrlich?<\/strong><\/p>\n<p style=\"text-align: center;\">\u00a0<img loading=\"lazy\" decoding=\"async\" class=\"aligncenter\" title=\"Eisr\u00e4der\" alt=\"\" src=\"http:\/\/wp.cycling-family.info\/wp-content\/galleries\/tipps\/eisraeder.jpg\" width=\"448\" height=\"336\" \/><\/p>\n<p style=\"text-align: left;\">\nSagen wir mal so, wenn dein Bike nicht so ausschaut wie auf dem Bild. K\u00f6nnte es klappen ;-).<\/p>\n<p>Diese Frage hat sich mir vor \u00fcber 16 Jahren gestellt als unser erster Sohn geboren war. Wir waren in der Situation nur ein Auto zu haben. Ich hatte mich im Fr\u00fchjahr entschlossen die Wege zur Arbeit, nach 7 Jahren Fahrradabstinenz, mit dem Bike zu erledigen damit Lydia das Auto zur Verf\u00fcgung hat. Das hat dann auch von April bis November gut geklappt. Aber jetzt stand der Winter vor der T\u00fcr und der erste Schnee fiel, und jetzt? Damals hatte ich \u00fcberhaupt keine Ahnung davon, was ein gutes Fahrrad ausmacht und fuhr mit Kettenschaltung und Cantilever Bremse und dem ganzen \u00c4rger der da dran h\u00e4ngt, mit dicken MTB-Reifen trotzdem durch den Winter. Mittlerweile ist das passende Rad vorhanden (siehe n\u00e4chsten Beitrag vom 23.01.2013) und ich habe keine vereisten Ketten und Ritzel mehr, keine festsitzenden Brems-und Schaltz\u00fcge. Aber Spa\u00df am Radfahren im Winter hatte ich schon lange vorher. Es ist eine wunderbare Sache, wenn fr\u00fch morgens der erste Schnee gefallen ist und du dich auf dein Rad schwingst. Der Schnee knirscht unter den Stollen, deine Spur ist die Erste die sich in dem Wei\u00df abzeichnet und die Luft ist klar und rein und der Schnee d\u00e4mpft die Umgebungsger\u00e4usche. Dann ist man so mit sich und der Welt irgendwie im Reinen so zu sagen im Reinen Wei\u00df.<\/p>\n<p>Morgens wenn ich meine Kollegen dann frierend drau\u00dfen stehen sehe, kommt immer die Frage:\u201c Es sind -10\u00b0, sag mal ist dir denn nicht kalt?\u201c Antwort, nee ich bin wahrscheinlich der einzige dem hier nicht kalt ist. Geht super mit der guten Vaude-Winterausr\u00fcstung.\u00a0 Au\u00dferdem stellt sich bei mir immer wieder ein breites Grinsen ein, wenn die Autos auf den Stra\u00dfen fest stecken und man als Radfahrer trotz Schnee an der Blechlawine vorbei rollt und nur wenig sp\u00e4ter zu Hause ist als sonst. Es gibt einfach Sachen die kann man nicht kaufen, die kann man nur sehen und h\u00f6ren und sich dar\u00fcber freuen.<\/p>\n<p>Ja ist das denn nicht gef\u00e4hrlich? Fazit nach \u00fcber 15 Jahren, ein Sturz. Es ist wie bei vielen Sachen, etwas fr\u00fcher los fahren, angepasste Fahrweise, nicht zu starke Seitenlage in der Kurve und dann geht es nicht nur mit dem Radfahren im Winter sondern es rollt. Es rollt ausgesprochen gut. Ich kann das jedem nur empfehlen ;-).<\/p>\n","protected":false},"excerpt":{"rendered":"<p>23.01.2013 Seit \u00fcber 16 Jahren fahre ich jetzt durch alle 4 Jahreszeiten Fahrrad, all die Erfahrungen die ich gesammelt habe sind in dieses Bike eingeflossen. Rahmen Patria Terra, robust und stabil Bremse Magura MT4, (eigentlich bin ich ja HS 33 &hellip; <a href=\"https:\/\/wp.cycling-family.info\/?page_id=819\">Weiterlesen <span class=\"meta-nav\">&rarr;<\/span><\/a><\/p>\n","protected":false},"author":1,"featured_media":0,"parent":0,"menu_order":0,"comment_status":"closed","ping_status":"closed","template":"","meta":{"ngg_post_thumbnail":0,"jetpack_post_was_ever_published":false,"footnotes":""},"jetpack_shortlink":"https:\/\/wp.me\/P3JTu5-dd","jetpack_sharing_enabled":true,"_links":{"self":[{"href":"https:\/\/wp.cycling-family.info\/index.php?rest_route=\/wp\/v2\/pages\/819"}],"collection":[{"href":"https:\/\/wp.cycling-family.info\/index.php?rest_route=\/wp\/v2\/pages"}],"about":[{"href":"https:\/\/wp.cycling-family.info\/index.php?rest_route=\/wp\/v2\/types\/page"}],"author":[{"embeddable":true,"href":"https:\/\/wp.cycling-family.info\/index.php?rest_route=\/wp\/v2\/users\/1"}],"replies":[{"embeddable":true,"href":"https:\/\/wp.cycling-family.info\/index.php?rest_route=%2Fwp%2Fv2%2Fcomments&post=819"}],"version-history":[{"count":12,"href":"https:\/\/wp.cycling-family.info\/index.php?rest_route=\/wp\/v2\/pages\/819\/revisions"}],"predecessor-version":[{"id":1569,"href":"https:\/\/wp.cycling-family.info\/index.php?rest_route=\/wp\/v2\/pages\/819\/revisions\/1569"}],"wp:attachment":[{"href":"https:\/\/wp.cycling-family.info\/index.php?rest_route=%2Fwp%2Fv2%2Fmedia&parent=819"}],"curies":[{"name":"wp","href":"https:\/\/api.w.org\/{rel}","templated":true}]}}