{"id":453,"date":"2013-08-07T12:22:45","date_gmt":"2013-08-07T10:22:45","guid":{"rendered":"http:\/\/wp.cycling-family.info\/?page_id=453"},"modified":"2013-09-25T11:51:56","modified_gmt":"2013-09-25T09:51:56","slug":"romerroute-22002","status":"publish","type":"page","link":"https:\/\/wp.cycling-family.info\/?page_id=453","title":{"rendered":"R\u00f6merroute 2\/2002"},"content":{"rendered":"<p>Bei unserem zweiten Versuch die R\u00f6merroute zu &#8222;packen&#8220;, wurde diesmal von Detmold aus gestartet. Nachdem wir die lippischen H\u00fcgel bezwungen hatten kamen wir ins Paderbornerland. Von da an wurde es viel leichter. Diesmal ein Tandem mit Papa und Timo als Stoker (Nr.2) und ein BoB Yak, und ein 7 J\u00e4hriger Soloradler der schon eine Lenkertasche und die Isomatten f\u00fcr seinen Bruder und sich schl\u00fcrt.<\/p>\nngg_shortcode_0_placeholder\n","protected":false},"excerpt":{"rendered":"<p>Bei unserem zweiten Versuch die R\u00f6merroute zu &#8222;packen&#8220;, wurde diesmal von Detmold aus gestartet. Nachdem wir die lippischen H\u00fcgel bezwungen hatten kamen wir ins Paderbornerland. Von da an wurde es viel leichter. Diesmal ein Tandem mit Papa und Timo als &hellip; <a href=\"https:\/\/wp.cycling-family.info\/?page_id=453\">Weiterlesen <span class=\"meta-nav\">&rarr;<\/span><\/a><\/p>\n","protected":false},"author":1,"featured_media":0,"parent":0,"menu_order":0,"comment_status":"closed","ping_status":"closed","template":"","meta":{"ngg_post_thumbnail":0,"jetpack_post_was_ever_published":false,"footnotes":""},"jetpack_shortlink":"https:\/\/wp.me\/P3JTu5-7j","jetpack_sharing_enabled":true,"_links":{"self":[{"href":"https:\/\/wp.cycling-family.info\/index.php?rest_route=\/wp\/v2\/pages\/453"}],"collection":[{"href":"https:\/\/wp.cycling-family.info\/index.php?rest_route=\/wp\/v2\/pages"}],"about":[{"href":"https:\/\/wp.cycling-family.info\/index.php?rest_route=\/wp\/v2\/types\/page"}],"author":[{"embeddable":true,"href":"https:\/\/wp.cycling-family.info\/index.php?rest_route=\/wp\/v2\/users\/1"}],"replies":[{"embeddable":true,"href":"https:\/\/wp.cycling-family.info\/index.php?rest_route=%2Fwp%2Fv2%2Fcomments&post=453"}],"version-history":[{"count":3,"href":"https:\/\/wp.cycling-family.info\/index.php?rest_route=\/wp\/v2\/pages\/453\/revisions"}],"predecessor-version":[{"id":1248,"href":"https:\/\/wp.cycling-family.info\/index.php?rest_route=\/wp\/v2\/pages\/453\/revisions\/1248"}],"wp:attachment":[{"href":"https:\/\/wp.cycling-family.info\/index.php?rest_route=%2Fwp%2Fv2%2Fmedia&parent=453"}],"curies":[{"name":"wp","href":"https:\/\/api.w.org\/{rel}","templated":true}]}}