{"id":447,"date":"2013-08-07T12:16:55","date_gmt":"2013-08-07T10:16:55","guid":{"rendered":"http:\/\/wp.cycling-family.info\/?page_id=447"},"modified":"2013-09-25T11:22:55","modified_gmt":"2013-09-25T09:22:55","slug":"die-erste-tour","status":"publish","type":"page","link":"https:\/\/wp.cycling-family.info\/?page_id=447","title":{"rendered":"Die erste Tour 1998"},"content":{"rendered":"<p>So sah dass aus als ich mit meinem \u00e4ltesten Sohn Marco, das erste mal losgezogen bin. Ein Reiserad ein Kindersitz und ein BoB. Unser Ausflug f\u00fchrte uns zu einem Campingplatz in ca. 30 km Entfernung. Ein sch\u00f6nes Erlebnis f\u00fcr Vater und Sohn.<\/p>\n<p>Weil das so viel spa\u00df gemacht hat habe ich diesen Ausflug mit allen S\u00f6hnen gemacht. Mit jedem einzeln wenn er unserer Meinung nach alt genug war.<\/p>\n<p><strong>ngg_shortcode_0_placeholder<\/strong><\/p>\n","protected":false},"excerpt":{"rendered":"<p>So sah dass aus als ich mit meinem \u00e4ltesten Sohn Marco, das erste mal losgezogen bin. Ein Reiserad ein Kindersitz und ein BoB. Unser Ausflug f\u00fchrte uns zu einem Campingplatz in ca. 30 km Entfernung. Ein sch\u00f6nes Erlebnis f\u00fcr Vater &hellip; <a href=\"https:\/\/wp.cycling-family.info\/?page_id=447\">Weiterlesen <span class=\"meta-nav\">&rarr;<\/span><\/a><\/p>\n","protected":false},"author":1,"featured_media":0,"parent":0,"menu_order":0,"comment_status":"closed","ping_status":"closed","template":"","meta":{"ngg_post_thumbnail":0,"jetpack_post_was_ever_published":false,"footnotes":""},"jetpack_shortlink":"https:\/\/wp.me\/P3JTu5-7d","jetpack_sharing_enabled":true,"_links":{"self":[{"href":"https:\/\/wp.cycling-family.info\/index.php?rest_route=\/wp\/v2\/pages\/447"}],"collection":[{"href":"https:\/\/wp.cycling-family.info\/index.php?rest_route=\/wp\/v2\/pages"}],"about":[{"href":"https:\/\/wp.cycling-family.info\/index.php?rest_route=\/wp\/v2\/types\/page"}],"author":[{"embeddable":true,"href":"https:\/\/wp.cycling-family.info\/index.php?rest_route=\/wp\/v2\/users\/1"}],"replies":[{"embeddable":true,"href":"https:\/\/wp.cycling-family.info\/index.php?rest_route=%2Fwp%2Fv2%2Fcomments&post=447"}],"version-history":[{"count":4,"href":"https:\/\/wp.cycling-family.info\/index.php?rest_route=\/wp\/v2\/pages\/447\/revisions"}],"predecessor-version":[{"id":1245,"href":"https:\/\/wp.cycling-family.info\/index.php?rest_route=\/wp\/v2\/pages\/447\/revisions\/1245"}],"wp:attachment":[{"href":"https:\/\/wp.cycling-family.info\/index.php?rest_route=%2Fwp%2Fv2%2Fmedia&parent=447"}],"curies":[{"name":"wp","href":"https:\/\/api.w.org\/{rel}","templated":true}]}}