{"id":428,"date":"2013-08-06T10:47:47","date_gmt":"2013-08-06T08:47:47","guid":{"rendered":"http:\/\/wp.cycling-family.info\/?page_id=428"},"modified":"2013-08-08T19:04:07","modified_gmt":"2013-08-08T17:04:07","slug":"der-kinderanhanger","status":"publish","type":"page","link":"https:\/\/wp.cycling-family.info\/?page_id=428","title":{"rendered":"Der Kinderanh\u00e4nger"},"content":{"rendered":"<p>F\u00fcr den ein oder anderen mag unsere Entwicklung zur Cycling Family interresant sein. Am Anfang stand die Frage wie man als\u00a0 einzelner Erwachsener zwei Kinder bei Wind und Wetter mit einem Fahrrad transportiert. Wir wohnen in einem Vorort von Detmold und bis in die City sind das jedesmal so 6-7 Km. Also haben wir uns informiert und uns f\u00fcr einen Chariot Chauffeur entschieden. Damit sind wir sehr mobil gewesen. Wohin es damit so \u00fcberall ging k\u00f6nnt ihr den Bildunterschriften entnehmen. Denn das ist unsere pers\u00f6nliche Chariot-Story.<br \/>\nDie Chariots gibt es bei: <a title=\"Zweipluszwei\" href=\"http:\/\/www.chariotcarriers.com\/de-de\/de\" target=\"_blank\">www.zweipluszwei.com<\/a><\/p>\n<p>&nbsp;<\/p>\nngg_shortcode_0_placeholder\n<p>&nbsp;<\/p>\n","protected":false},"excerpt":{"rendered":"<p>F\u00fcr den ein oder anderen mag unsere Entwicklung zur Cycling Family interresant sein. Am Anfang stand die Frage wie man als\u00a0 einzelner Erwachsener zwei Kinder bei Wind und Wetter mit einem Fahrrad transportiert. Wir wohnen in einem Vorort von Detmold &hellip; <a href=\"https:\/\/wp.cycling-family.info\/?page_id=428\">Weiterlesen <span class=\"meta-nav\">&rarr;<\/span><\/a><\/p>\n","protected":false},"author":1,"featured_media":0,"parent":0,"menu_order":0,"comment_status":"closed","ping_status":"closed","template":"","meta":{"ngg_post_thumbnail":0,"jetpack_post_was_ever_published":false,"footnotes":""},"jetpack_shortlink":"https:\/\/wp.me\/P3JTu5-6U","jetpack_sharing_enabled":true,"_links":{"self":[{"href":"https:\/\/wp.cycling-family.info\/index.php?rest_route=\/wp\/v2\/pages\/428"}],"collection":[{"href":"https:\/\/wp.cycling-family.info\/index.php?rest_route=\/wp\/v2\/pages"}],"about":[{"href":"https:\/\/wp.cycling-family.info\/index.php?rest_route=\/wp\/v2\/types\/page"}],"author":[{"embeddable":true,"href":"https:\/\/wp.cycling-family.info\/index.php?rest_route=\/wp\/v2\/users\/1"}],"replies":[{"embeddable":true,"href":"https:\/\/wp.cycling-family.info\/index.php?rest_route=%2Fwp%2Fv2%2Fcomments&post=428"}],"version-history":[{"count":13,"href":"https:\/\/wp.cycling-family.info\/index.php?rest_route=\/wp\/v2\/pages\/428\/revisions"}],"predecessor-version":[{"id":446,"href":"https:\/\/wp.cycling-family.info\/index.php?rest_route=\/wp\/v2\/pages\/428\/revisions\/446"}],"wp:attachment":[{"href":"https:\/\/wp.cycling-family.info\/index.php?rest_route=%2Fwp%2Fv2%2Fmedia&parent=428"}],"curies":[{"name":"wp","href":"https:\/\/api.w.org\/{rel}","templated":true}]}}