{"id":412,"date":"2013-08-05T12:10:33","date_gmt":"2013-08-05T10:10:33","guid":{"rendered":"http:\/\/wp.cycling-family.info\/?page_id=412"},"modified":"2013-09-26T11:34:47","modified_gmt":"2013-09-26T09:34:47","slug":"diemeltour-2012","status":"publish","type":"page","link":"https:\/\/wp.cycling-family.info\/?page_id=412","title":{"rendered":"Diemeltour 2012"},"content":{"rendered":"<p>Mit 3 V\u00e4tern und 4 Kindern auf dem Diemelradweg. \u00dcbernachtet haben wir in Helminghausen und nat\u00fcrlich wieder im Hofgut Stammen im Strohotel.<\/p>\n<p><strong>Tag 1: 20km Diemelquelle bis Helminghausen<\/strong><\/p>\n<p><strong>Tag 2: 80 Kilometer Helminghausen bis Stammen<\/strong><\/p>\n<p><strong>Tag 3: 35 Kilometer Stammen bis Wehrden<\/strong><\/p>\nngg_shortcode_0_placeholder\n<p>&nbsp;<\/p>\n","protected":false},"excerpt":{"rendered":"<p>Mit 3 V\u00e4tern und 4 Kindern auf dem Diemelradweg. \u00dcbernachtet haben wir in Helminghausen und nat\u00fcrlich wieder im Hofgut Stammen im Strohotel. Tag 1: 20km Diemelquelle bis Helminghausen Tag 2: 80 Kilometer Helminghausen bis Stammen Tag 3: 35 Kilometer Stammen &hellip; <a href=\"https:\/\/wp.cycling-family.info\/?page_id=412\">Weiterlesen <span class=\"meta-nav\">&rarr;<\/span><\/a><\/p>\n","protected":false},"author":1,"featured_media":0,"parent":0,"menu_order":0,"comment_status":"closed","ping_status":"closed","template":"","meta":{"ngg_post_thumbnail":0,"jetpack_post_was_ever_published":false,"footnotes":""},"jetpack_shortlink":"https:\/\/wp.me\/P3JTu5-6E","jetpack_sharing_enabled":true,"_links":{"self":[{"href":"https:\/\/wp.cycling-family.info\/index.php?rest_route=\/wp\/v2\/pages\/412"}],"collection":[{"href":"https:\/\/wp.cycling-family.info\/index.php?rest_route=\/wp\/v2\/pages"}],"about":[{"href":"https:\/\/wp.cycling-family.info\/index.php?rest_route=\/wp\/v2\/types\/page"}],"author":[{"embeddable":true,"href":"https:\/\/wp.cycling-family.info\/index.php?rest_route=\/wp\/v2\/users\/1"}],"replies":[{"embeddable":true,"href":"https:\/\/wp.cycling-family.info\/index.php?rest_route=%2Fwp%2Fv2%2Fcomments&post=412"}],"version-history":[{"count":7,"href":"https:\/\/wp.cycling-family.info\/index.php?rest_route=\/wp\/v2\/pages\/412\/revisions"}],"predecessor-version":[{"id":1256,"href":"https:\/\/wp.cycling-family.info\/index.php?rest_route=\/wp\/v2\/pages\/412\/revisions\/1256"}],"wp:attachment":[{"href":"https:\/\/wp.cycling-family.info\/index.php?rest_route=%2Fwp%2Fv2%2Fmedia&parent=412"}],"curies":[{"name":"wp","href":"https:\/\/api.w.org\/{rel}","templated":true}]}}