{"id":403,"date":"2013-08-05T09:34:39","date_gmt":"2013-08-05T07:34:39","guid":{"rendered":"http:\/\/wp.cycling-family.info\/?page_id=403"},"modified":"2013-11-19T12:34:07","modified_gmt":"2013-11-19T10:34:07","slug":"altmuhltour-2009","status":"publish","type":"page","link":"https:\/\/wp.cycling-family.info\/?page_id=403","title":{"rendered":"Altm\u00fchltour 2009"},"content":{"rendered":"<p><strong>Tag 1. Wir fahren zum Altm\u00fchlsee (Binzwangen &gt; Altm\u00fchlsee 54 Km)<\/strong><\/p>\n<p style=\"text-align: left;\">Wir haben f\u00fcr den Start unserer Tour an der Altm\u00fch,l den kleinen Ort Binzwangen in der N\u00e4he von Rothenburg gew\u00e4hlt. Denn dort gibt es eine Interessante \u00dcbernachtungsm\u00f6glichkeit, ein Heuhotel. Also tauschen wir Zelt gegen Heuboden. <img loading=\"lazy\" decoding=\"async\" class=\"aligncenter\" title=\"Im Strohotel in Binzwangen, in der N\u00e4her von Rothenburg ob der Tauber  \" alt=\"\" src=\"http:\/\/wp.cycling-family.info\/wp-content\/galleries\/altmuehltour_2009\/altmuehltour_2009_-1.jpg\" width=\"560\" height=\"373\" \/>Ganz toll finden wir das wir unseren Van nebst Anh\u00e4nger bei Frau Ohr abstellen d\u00fcrfen (<a title=\"Bauernhof Ohr, Schlafen im Stroh\" href=\"http:\/\/www.ferienbauernhof-ohr.de\/i_b-unsere_angebote.php\" target=\"_blank\"><strong>http:\/\/www.ferienbauernhof-ohr.de<\/strong><\/a>). Man kann dort auch Fr\u00fchst\u00fcck bekommen was wir am ersten Morgen gern annehmen. Frau Ohr verw\u00f6hnt ihre G\u00e4ste immer gern.\u00a0 Au\u00dferdem hat sie f\u00fcr m\u00fcde Radfahrer eine Herz die Nachts auf dem Bahnhof in Ansberg ankommen, aber dazu mehr am Ende des Berichts.<img loading=\"lazy\" decoding=\"async\" class=\"aligncenter\" title=\"Stadtor in Ornbau  \" alt=\"\" src=\"http:\/\/wp.cycling-family.info\/wp-content\/galleries\/altmuehltour_2009\/altmuehltour_2009_-2.jpg\" width=\"373\" height=\"560\" \/><\/p>\n<p style=\"text-align: left;\">Unsere Route am ersten Tag f\u00fchrt uns von Binzwangen \u00fcber Leutershausen nach Herrieden dort st\u00fcrmen wir erstmal ein Lebensmittelgsch\u00e4ft um unsere Packtaschen mit allem n\u00f6tigen zu f\u00fcllen und um uns unsere Regenkleidung anzulegen, weil der Regen doch immer st\u00e4rker wird. Weiter geht es dann nach Ornbau,<img loading=\"lazy\" decoding=\"async\" class=\"aligncenter\" title=\"R\u00f6merbr\u00fccke in Ornbau \" alt=\"\" src=\"http:\/\/wp.cycling-family.info\/wp-content\/galleries\/altmuehltour_2009\/altmuehltour_2009_-3.jpg\" width=\"560\" height=\"373\" \/><\/p>\n<p>wo wir uns das alte Stadttor und die alte R\u00f6merbr\u00fccke\u00a0 anschauen. Unterwegs haben wir heute zwei Storchenpaare beobachtet. Von Hornbau geht es \u00fcber sch\u00f6ne Wald- und Wiesenwege entlang der Altm\u00fchl bis zum Altm\u00fchlsee. Trotz des sehr durchwachsenen Wetters war es ein sch\u00f6ner Tag und nach dem wir abends unsere Radlerm\u00e4gen mit einem Gericht mit vielen Kohlenhydraten versorgt haben, wird noch aus einem Buch vorgelesen, das hat bei uns mittlerweile schon Tradtion. <img loading=\"lazy\" decoding=\"async\" class=\"aligncenter\" title=\"Es wird vorgelesen,  manchmal besser als Fernsehen! \" alt=\"\" src=\"http:\/\/wp.cycling-family.info\/wp-content\/galleries\/altmuehltour_2009\/altmuehltour_2009_-4.jpg\" width=\"560\" height=\"373\" \/><strong>2. Der Tag der St\u00fcrze oder Tag der St\u00f6rche (Altm\u00fchlsee &gt;\u00a0 Dollnstein 62 Km)<\/strong><\/p>\n<p style=\"text-align: left;\">Am n\u00e4chsten Morgen h\u00f6ren wir wie der Regen auf unser Zelt tropft also starten wir erst gegen 11.00 Uhr dann h\u00f6rt es endlich auf zu regnen. Wir f\u00fcllen in Gunzeshausen unsere Packtaschen und brechen auf Richtung Treutchlingen. ca. 2km hinter Windsfeld scheppert es auf einmal und Timo ist gest\u00fcrzt. Ursache war wohl eine kleine Unachtsamkeit so, dass er vom Weg abkam und beim zur\u00fcck lenken nicht \u00fcber die hohe Kante kam. Er rappelt sich hoch aber au\u00dfer ein paar Kratzern ist zum Gl\u00fcck alles O.K. . Als ich mir sein Rad beschaue staune ich nicht schlecht als ich sehe das sich seine Bremsleitung und sein Schaltseil 1.5 mal um dasSteuerohr gewickelt hat. Hoffentlich ist jetzt seine Bremsleitung nicht undicht schie\u00dft es mir durch den Kopf aber die Magura hat selbst diese raue Behandlung gut \u00fcberstanden. Nach dem alles wieder richtig sortiert ist geht es weiter. Wir \u00fcberholen eine Mutter die mit ihren zwei T\u00f6chtern und ihrem Sohn ebenfalls auf Tour ist. Mittlerweile z\u00e4hlen wir die Storchenpaare und sind bei 8 an diesem Tag angekommen. In der N\u00e4he von Meinheim gibt es einen f\u00fcr Radfahrer nicht ungef\u00e4hrliche Stelle wo ein Stoppschild steht und man absteigen und \u00fcber die Stra\u00dfe schieben soll. Also schiebe ich unser Tandem auf die Stra\u00dfe und blockiere sie einmal kurz damit die anderen passieren k\u00f6nnen. Kruz dahinter gibt es eine Bank mit Tischen die wir f\u00fcr unsere Mittagspause nutzen m\u00f6chten und eine sch\u00f6ne Gelegenheit um zwei St\u00f6rche zu beobachten. <img loading=\"lazy\" decoding=\"async\" class=\"aligncenter\" title=\"Storch an der Altm\u00fchl  \" alt=\"\" src=\"http:\/\/wp.cycling-family.info\/wp-content\/galleries\/altmuehltour_2009\/altmuehltour_2009_-5.jpg\" width=\"560\" height=\"373\" \/>Wir haben gerade die Bikes abgestellt, als es kurz hinter uns knallt die Mutter mit ihren 3 Kids hat beim \u00fcberqueren der Stra\u00dfe einen Unfall, weil die j\u00fcngste Tochter besagtes Stoppschild wohl \u00fcbersehen hat. Sie liegt auf der Stra\u00dfe wir schnappen uns unser Verbanszeug und schauen wo wir helfen k\u00f6nnen. Aber das M\u00e4dchen hat gro\u00dfes Gl\u00fcck gehabt sie fuhr ohne Helm und hat au\u00dfer einer Sch\u00fcrfwunde und einem verstauchten Handgelenk nicht viel abbekommen. Also reinigen wir die Wunden und richten so weit m\u00f6glich den doppel achter im Vorderrad. Mehr k\u00f6nnen wir leider nicht tun. Nach diesem unsch\u00f6nen Erlebnis fahren wir weiter nach Treuchtlingen, es ist erst mal ein Eispause angesagt und nebenbei bewundern wir die alte Dampflock. <img loading=\"lazy\" decoding=\"async\" class=\"aligncenter\" title=\"Lock in Treuchtling \" alt=\"\" src=\"http:\/\/wp.cycling-family.info\/wp-content\/galleries\/altmuehltour_2009\/altmuehltour_2009_-6.jpg\" width=\"560\" height=\"373\" \/>Neben der Lock gibt es noch einen \u00fcberdachten Rastplatz und wir kommen mit einem Radwanderer ins Gespr\u00e4ch der noch bis Hamburg fahren m\u00f6chte und von M\u00fcnchen gestartet ist. Man tauscht sich aus und zeiht dann wieder seiner Wege. f\u00fcr uns geht es weiter nach Richtung Solnhofen, und kurz dahinter k\u00f6nnen wir einen Blick auf &#8222;Die Zw\u00f6lf Apostel&#8220; werfen, das ist eine Felsgruppe die aus mehreren Steinfelsen besteht.<img loading=\"lazy\" decoding=\"async\" class=\"aligncenter\" title=\"An den 12 Aposteln \" alt=\"\" src=\"http:\/\/wp.cycling-family.info\/wp-content\/galleries\/altmuehltour_2009\/altmuehltour_2009_-7.jpg\" width=\"560\" height=\"373\" \/><\/p>\n<p style=\"text-align: left;\">Die Strecke erweist sich doch als l\u00e4nger als gedacht und nun sind unsere Trinkflaschen leer als Marco pl\u00f6tzlich ein Schild Solaquelle sieht. Wir steigen ab und finden am Altm\u00fchlufer eine Quelle mit herlich k\u00fchlem Quellwasser. Wir pausieren kurz und f\u00fcllen unsere Flaschen und genie\u00dfen das k\u00fchle, klare Quellwasser. <img loading=\"lazy\" decoding=\"async\" class=\"aligncenter\" title=\"Solaquelle in der N\u00e4he von Dollnstein\" alt=\"\" src=\"http:\/\/wp.cycling-family.info\/wp-content\/galleries\/altmuehltour_2009\/altmuehltour_2009_-8.jpg\" width=\"560\" height=\"373\" \/><br \/>\nDann packen wir die letzten Kilomter an und rollen nach Dollnstein wo unser Campingplatz ist.<\/p>\n<p><strong>Tag 3. Endlich sch\u00f6nes Wetter (Dollnstein &gt; Kratzm\u00fchle 60 Km)<\/strong><\/p>\n<p style=\"text-align: left;\">Heute verheist der Wetterbericht den sch\u00f6nsten Tag unserer Tour. Wir starten gegen 10 Uhr und radeln ins sch\u00f6n St\u00e4dtchen Eichst\u00e4tt. Am anfang sehen wir neben dem Radweg eine sehr sch\u00f6ne Sonnenuhr die wir uns einwenig n\u00e4her ansehen verbunden mit einem kurzen Imbiss. <img loading=\"lazy\" decoding=\"async\" class=\"aligncenter\" title=\"Sonnenuhr in Eichst\u00e4dt  \" alt=\"\" src=\"http:\/\/wp.cycling-family.info\/wp-content\/galleries\/altmuehltour_2009\/altmuehltour_2009_-11.jpg\" width=\"560\" height=\"373\" \/>Dort erg\u00e4nzen wir unsere Vorr\u00e4te und folgen weiter dem Altm\u00fchltal Radweg. Was uns ein bi\u00dfchen sauer aufst\u00f6\u00dft ist die Routenf\u00fchrung da werden wir auf einmal gezwungen zu schieben und das in so engen Gassen das, dass mit den langem Tandem wirklich kein Vergn\u00fcgen ist. Das sehen bestimmt auch die Fu\u00dfg\u00e4nger so die sich mit uns diese schmale Gasse\u00a0 teilen m\u00fcssen. Aber nach dem dieser Teil \u00fcberwunden ist, sehen wir den Charme dieser sch\u00f6nen alten Stadt. Hinter Eichst\u00e4dt sehen wir wieder einmal Kanuten auf der Altm\u00fchl,<img loading=\"lazy\" decoding=\"async\" class=\"aligncenter\" title=\" Kanadier auf der Altm\u00fchl\" alt=\"\" src=\"http:\/\/wp.cycling-family.info\/wp-content\/galleries\/altmuehltour_2009\/altmuehltour_2009_-10.jpg\" width=\"560\" height=\"373\" \/><\/p>\n<p style=\"text-align: left;\">das ist bestimmt auch eine\u00a0 sch\u00f6ne M\u00f6glichkeit diese Gegend zu erfahren. Heute ist alles topp, Wetter, Essen Streckenf\u00fchrung, selbst unser Hund Diego gemie\u00dft in seinem Trailer das sch\u00f6ne Wetter. <img loading=\"lazy\" decoding=\"async\" class=\"aligncenter\" title=\"Vorsicht Long Vehicel an der Altm\u00fchl hinter Dollnstein. \" alt=\"\" src=\"http:\/\/wp.cycling-family.info\/wp-content\/galleries\/altmuehltour_2009\/altmuehltour_2009_-9.jpg\" width=\"560\" height=\"373\" \/>Wir fahren heute noch weiter bis zum Campingplatz Kratzm\u00fchle, wo wir abends einen der letzten Pl\u00e4tze ergattern. Wir hatten unsere Vorr\u00e4te heute um ein paar Bratw\u00fcrste erg\u00e4nzt die wir auf unseren kleinen Grill legen und so lassen wir diesen Tag an einem Seitenarm der Altm\u00fchl ausklingen.<img loading=\"lazy\" decoding=\"async\" class=\"aligncenter\" title=\"Darf ich Raupi mitnehemen? \" alt=\"\" src=\"http:\/\/wp.cycling-family.info\/wp-content\/galleries\/altmuehltour_2009\/altmuehltour_2009_-12.jpg\" width=\"560\" height=\"373\" \/><\/p>\n<p>Abseits der Route gibt es f\u00fcr unseren kleine immer wieder das ein oder andere zu entdecken, am liebsten m\u00f6chte er seinen eigenen Zoo haben und alles was kreucht und fleucht mit nehmen.<\/p>\n<p><strong>Tag 4. Shietwetter (Kratzm\u00fchle &gt; Herren Saale 62 Km)<\/strong><\/p>\n<p style=\"text-align: left;\">Der Wetterbericht sagt Regen an und genauso kommt es. Gleich nach dem wir gestartet sind, m\u00fcssen wir uns in unsere Regenjacken schwingen und kommen bis zum Mittag auch nicht mehr heraus. Wir steuern Kinding an und m\u00fcssen erstmal ein paar dicke Wolken unter einem Vordach vorbei ziehen lassen. Danach werden Eink\u00e4ufe erledigt und dann geht es weiter. Der Regen hat leider nicht aufgeh\u00f6rt aber so machen wir schon morgens einen Gro\u00dfteil der Strecke und k\u00f6nnen auch so dem schlechtem Wetter etwas positves abgewinnen. Die Strecke ist auch heute wieder von Burgen und Schl\u00f6ssern ges\u00e4umt. Gegen Mittag erreichen wir einen \u00dcberdachten Rastplatz und machen ausgiebig Pause.\u00a0 <img loading=\"lazy\" decoding=\"async\" class=\"aligncenter\" title=\"Regenpause  \" alt=\"\" src=\"http:\/\/wp.cycling-family.info\/wp-content\/galleries\/altmuehltour_2009\/altmuehltour_2009_-13.jpg\" width=\"560\" height=\"373\" \/>Dann h\u00f6rt es endlich auf zu Regnen.\u00a0 Hinter Riedenburg entdecken wir eine Art Speilpaltz mit einigen Sportger\u00e4ten auf denen wir uns einmal die Beine auf eine andere Art vertreten. Also toben unsere S\u00f6hne und der Wuschel erkl\u00e4rt auch diese Gebiet wieder zu seinem pers\u00f6nlichen Revier. <img loading=\"lazy\" decoding=\"async\" class=\"aligncenter\" title=\"Pause in Riedenburg  \" alt=\"\" src=\"http:\/\/wp.cycling-family.info\/wp-content\/galleries\/altmuehltour_2009\/altmuehltour_2009_-14.jpg\" width=\"560\" height=\"373\" \/>Wir folgen weiter der Route, wo wir uns in Essing kurz die lange Holzbr\u00fccke anschauen. Sie ist ein doch beeindruckendes Bauwerk. <img loading=\"lazy\" decoding=\"async\" class=\"aligncenter\" title=\"Holzbr\u00fccke in Essing \" alt=\"\" src=\"http:\/\/wp.cycling-family.info\/wp-content\/galleries\/altmuehltour_2009\/altmuehltour_2009_-15.jpg\" width=\"560\" height=\"373\" \/>Nun sind es bis Kehlheim nur noch wenige Kilometer und wir genie\u00dfen den letzten Teil unserer Strecke es wird hier und da noch einmal gerastet oder was getrunken.<img loading=\"lazy\" decoding=\"async\" class=\"aligncenter\" title=\"Trinkpause an der Donau in der N\u00e4he von Kehlheim \" alt=\"\" src=\"http:\/\/wp.cycling-family.info\/wp-content\/galleries\/altmuehltour_2009\/altmuehltour_2009_-16.jpg\" width=\"560\" height=\"373\" \/><\/p>\n<p>Nachdem wir in Kehlheim angekommen sind wird es noch einmal ein wenig wuselig um den Campingplatz in Herrensaale zu erreichen. Aber als das ggeschafft ist, fahre ich mit dem Rad nach Saale an der Donau um dort mit dem Zug zur\u00fcck zu unserem Auto zu gelangen und das wird f\u00fcr mich ein Abenteuer ganz anderer Art. Wie \u00fcblich am ersten Bahnhof keinTicket geschafft zu ziehen weil es f\u00fcr einen nicht Bahnfahrer nicht so einfach ist. Dann kommt man gl\u00fccklich bis Regensburg und kann in den einen Zug nicht rein, weil der \u00fcberf\u00fcllt ist. Dann trifft man doch jemanden am Service der sagt Ankuft Oberdachstetten, n\u00e4chsten Morgen um 4.45 Uhr. Zum Schlu\u00df f\u00e4llt mir ein das Ansbach auch noch in der N\u00e4he von Binzwangen liegt. Aber frohlocken l\u00e4sst mich das nicht gerade denn der Zug wird um 23.45 Uhr in Ansbach eintrudeln. Das w\u00e4ren 20 Km bis zum Auto und das mitten in der Nacht. Also rufe ich Frau Ohr an und bitte sie unsere Sachen die wir bei ihr noch im K\u00fchlschrank haben, wenn sie ins Bett geht einfach auf unseren Anh\u00e4nger zu legen, es w\u00fcrde eben sp\u00e4t werden genauer gesagt 0.30 oder etwas sp\u00e4ter und dann sagt die nette Wirtin wissens was, das kommt ja gar nicht in Frage das sie da miiten in der Nacht mit dem Rad fahren, wir holen sie ab. Und tats\u00e4chlich Ende gut alles gut. Als ich in Ansbach auf dem Bahnhof eintrudel ist Frau Ohr mit noch einer Dame da, die mich abholen. Es ist fast ein wenig wie nach Hause kommen. Dann nehme ich unser Auto und mache mich auf den R\u00fcckweg und falle morgens um 2.45 Uhr m\u00fcde in meinen Schlafsack. Am n\u00e4chsten Morgen hatten wir noch ein nettes Gespr\u00e4ch mit ein paar gleichgesinnten. Ein Ehepaar aus England war mit seinen beiden Kindern auf zwei Tandems unterwegs. Es ist immer wierder sch\u00f6n sich dann auszutauschen und sch\u00f6n zu sehen das auch andere mit ihren Kids auf R\u00e4dern unterwegs sind und ihren Spa\u00df haben. <img loading=\"lazy\" decoding=\"async\" class=\"aligncenter\" title=\"Kollegen aus England \" alt=\"\" src=\"http:\/\/wp.cycling-family.info\/wp-content\/galleries\/altmuehltour_2009\/altmuehltour_2009_-17.jpg\" width=\"560\" height=\"373\" \/>Fazit: Altm\u00fchltour jeder Zeit wieder, es ist eine sehr sch\u00f6ne abwechslungsreiche Strecke aber man sollte sich f\u00fcr die Sch\u00f6nheiten abseits der Route einfach noch mal 4 Tage ins Reisgep\u00e4ck packen. Uns war es wegen verschiedener privater Termine leider nicht m\u00f6glich das dieses Jahr anders zu planen. Au\u00dferdem mu\u00df ein Vater auch ein einmal gegebenes Versprechen halten, denn in unserem Zeitungsartikel kann man ja nachlesen, das wir diese Jahr auch eine Woche Italien im Programm hatten.<\/p>\n","protected":false},"excerpt":{"rendered":"<p>Tag 1. Wir fahren zum Altm\u00fchlsee (Binzwangen &gt; Altm\u00fchlsee 54 Km) Wir haben f\u00fcr den Start unserer Tour an der Altm\u00fch,l den kleinen Ort Binzwangen in der N\u00e4he von Rothenburg gew\u00e4hlt. Denn dort gibt es eine Interessante \u00dcbernachtungsm\u00f6glichkeit, ein Heuhotel. &hellip; <a href=\"https:\/\/wp.cycling-family.info\/?page_id=403\">Weiterlesen <span class=\"meta-nav\">&rarr;<\/span><\/a><\/p>\n","protected":false},"author":1,"featured_media":0,"parent":0,"menu_order":0,"comment_status":"closed","ping_status":"closed","template":"","meta":{"ngg_post_thumbnail":0,"jetpack_post_was_ever_published":false,"footnotes":""},"jetpack_shortlink":"https:\/\/wp.me\/P3JTu5-6v","jetpack_sharing_enabled":true,"_links":{"self":[{"href":"https:\/\/wp.cycling-family.info\/index.php?rest_route=\/wp\/v2\/pages\/403"}],"collection":[{"href":"https:\/\/wp.cycling-family.info\/index.php?rest_route=\/wp\/v2\/pages"}],"about":[{"href":"https:\/\/wp.cycling-family.info\/index.php?rest_route=\/wp\/v2\/types\/page"}],"author":[{"embeddable":true,"href":"https:\/\/wp.cycling-family.info\/index.php?rest_route=\/wp\/v2\/users\/1"}],"replies":[{"embeddable":true,"href":"https:\/\/wp.cycling-family.info\/index.php?rest_route=%2Fwp%2Fv2%2Fcomments&post=403"}],"version-history":[{"count":26,"href":"https:\/\/wp.cycling-family.info\/index.php?rest_route=\/wp\/v2\/pages\/403\/revisions"}],"predecessor-version":[{"id":830,"href":"https:\/\/wp.cycling-family.info\/index.php?rest_route=\/wp\/v2\/pages\/403\/revisions\/830"}],"wp:attachment":[{"href":"https:\/\/wp.cycling-family.info\/index.php?rest_route=%2Fwp%2Fv2%2Fmedia&parent=403"}],"curies":[{"name":"wp","href":"https:\/\/api.w.org\/{rel}","templated":true}]}}