{"id":323,"date":"2013-07-20T21:15:38","date_gmt":"2013-07-20T19:15:38","guid":{"rendered":"http:\/\/wp.cycling-family.info\/?page_id=323"},"modified":"2014-02-02T17:06:36","modified_gmt":"2014-02-02T15:06:36","slug":"niederlande-2012","status":"publish","type":"page","link":"https:\/\/wp.cycling-family.info\/?page_id=323","title":{"rendered":"Niederlande 2012"},"content":{"rendered":"<p>Radreisebericht 2012 entlang der Nordseek\u00fcste der Niederlande NSCR<\/p>\n<p><strong>Tag 1: Hoek van Holland nach Brederode 77 km 11.08.12<\/strong><\/p>\n<p style=\"text-align: left;\">Heute sind wir gegen Mittag\u00a0 13.30 Uhr gestartet.<img loading=\"lazy\" decoding=\"async\" class=\"aligncenter\" title=\"Start in Hoek van Holland \" alt=\"\" src=\"http:\/\/wp.cycling-family.info\/wp-content\/galleries\/niederlande_2012_nscr\/nscr_netherlands_201201.jpg\" width=\"560\" height=\"373\" \/><\/p>\n<p style=\"text-align: left;\">Gute Freunde von uns haben uns in der N\u00e4he von Hoek van Holland abgesetzt und werden unser Auto + Anh\u00e4nger an unserem Zielort abstellen. Wir radeln zuerst durch die gl\u00e4serne Stadt, <img loading=\"lazy\" decoding=\"async\" class=\"aligncenter\" title=\"Gl\u00e4serne Stadt  \" alt=\"\" src=\"http:\/\/wp.cycling-family.info\/wp-content\/galleries\/niederlande_2012_nscr\/nscr_netherlands_201202.jpg\" width=\"560\" height=\"373\" \/>die wird so genannt, weil es hier von Glasgew\u00e4chsh\u00e4usern nur so wimmelt.\u00a0 Wir fahren weiter\u00a0 durch sch\u00f6ne D\u00fcnenlandschaften,streifen Den Haag <img loading=\"lazy\" decoding=\"async\" class=\"aligncenter\" title=\"In der N\u00e4he von Den Haag  \" alt=\"\" src=\"http:\/\/wp.cycling-family.info\/wp-content\/galleries\/niederlande_2012_nscr\/nscr_netherlands_201205.jpg\" width=\"560\" height=\"373\" \/>und machen kurz hinter Den Haag eine versp\u00e4tete Mittagspause. <img loading=\"lazy\" decoding=\"async\" class=\"aligncenter\" title=\"Mittagspause  \" alt=\"\" src=\"http:\/\/wp.cycling-family.info\/wp-content\/galleries\/niederlande_2012_nscr\/nscr_netherlands_201206.jpg\" width=\"560\" height=\"373\" \/>Wir kommen auch durch so wenig sch\u00f6ne Touristen-hoch-burgen wie Zaandvoort und Nillstande, letzere h\u00e4lt aber ein besonderes Erlebnis bereit. Es findet dort ein Umzug mit blumen-geschm\u00fcckten Wagen statt.<img loading=\"lazy\" decoding=\"async\" class=\"aligncenter\" title=\"Heute ist es hier, very busy. \" alt=\"\" src=\"http:\/\/wp.cycling-family.info\/wp-content\/galleries\/niederlande_2012_nscr\/nscr_netherlands_201207.jpg\" width=\"560\" height=\"373\" \/><\/p>\n<p>Was erst mal bedeutet, dass wir Stellenweise schieben m\u00fcssen, weil hier alles so busy ist. <img loading=\"lazy\" decoding=\"async\" class=\"aligncenter\" title=\"Blumenumzug in Nordwijk \" alt=\"\" src=\"http:\/\/wp.cycling-family.info\/wp-content\/galleries\/niederlande_2012_nscr\/nscr_netherlands_201209.jpg\" width=\"560\" height=\"373\" \/>Dann\u00a0 schaffen wir es uns vor die Fahrzeuge auf die Stra\u00dfe zu mogeln, nach der n\u00e4chsten Kurve werden wir dann von den wartenden Zuschauern mit einem Applaus bedacht. Einige in der Familie finden das angenehm, anderen ist es eher ein wenig peinlich. Letztendlich haken wir es als besonderes Erlebnis ab. Wir haben heute wenig Zeit f\u00fcr Sightseeing weil wir heute noch\u00a0 in Bloomental am Zee ankommen wollen\u00a0 dort gibt es 3 Campingpl\u00e4tze und wir gehen davon aus das wir auf einem Platz finden werden. Leider hat sich ganz Amsterdam und Umgebung entschlossen dieses Wochenende ans Meer zu fahren. Was zur Folge hat, das es keinen Platz mehr gibt f\u00fcr die Cycling Family. Ein weiteres Problem ist unser fellkn\u00e4uliges Gep\u00e4ck im BoB, denn Hunde sind hier auf keinem Platz gestattet. Tja nun ist guter Rat teuer, auch Nachfragen, bei einigen Niederl\u00e4ndern f\u00fchrt zu keiner L\u00f6sung.\u00a0 Die Empfehlungen reichen von Wildkampen bis dahin, noch 25km weiter zu fahren. Aber leider ist es schon sehr sp\u00e4t und Hunger haben wir auch. Also rollen wir vorerst Ziel- und Planlos weiter. Nach \u00fcber 75 Km zeichnet sich endlich eine L\u00f6sung ab, die wir angehen wollen, ein Reiterhof.\u00a0 Ich klingel an der T\u00fcr <img loading=\"lazy\" decoding=\"async\" class=\"aligncenter\" title=\"Auf dem Reiterhof fragen wir ob wir hier eine Nacht Zelten d\u00fcrfen  \" alt=\"\" src=\"http:\/\/wp.cycling-family.info\/wp-content\/galleries\/niederlande_2012_nscr\/nscr_netherlands_201213.jpg\" width=\"560\" height=\"373\" \/>und Frage ob wir f\u00fcr 1 Nacht unsere Zelte bei ihnen aufschlagen d\u00fcrfen. Was uns auch nach kurzer R\u00fccksprache mit der Frau des Hauses\u00a0 gestattet wird. Wir haben eine ganze Wiese f\u00fcr uns alleine, <img loading=\"lazy\" decoding=\"async\" class=\"aligncenter\" title=\"Zelten auf der Pferdewiese \" alt=\"\" src=\"http:\/\/wp.cycling-family.info\/wp-content\/galleries\/niederlande_2012_nscr\/nscr_netherlands_201211.jpg\" width=\"560\" height=\"373\" \/>eine Toilette und flie\u00dfendes warmes und kaltes Wasser. Mehr brauchen wir ja auch nicht, schnell stehen die Vaude Zelte und wir sinken, nach dem es um 21.15 endlich auch noch was zu essen gegeben hat, <img loading=\"lazy\" decoding=\"async\" class=\"aligncenter\" title=\"21.15 Uhr endlich Abendessen  \" alt=\"\" src=\"http:\/\/wp.cycling-family.info\/wp-content\/galleries\/niederlande_2012_nscr\/nscr_netherlands_201212.jpg\" width=\"560\" height=\"373\" \/>m\u00fcde\u00a0 in unsere\u00a0 Schlafs\u00e4cke. Begleitet von dem Schnauben der Pferde um uns herum.<\/p>\n<p><strong>Tag 2 : Brederode nach Sint Maatenzee 65km 12.08.12<\/strong><\/p>\n<p style=\"text-align: left;\">Der Tag f\u00e4ngt vielversprechend an, wir starten gegen 9.00 Uhr und verabschieden uns von unseren Gastgebern. Wir wollen ein wenig f\u00fcr die entstandenen Unkosten aufkommen, aber das will der gute Mann gar nicht, der uns so spontan aufgenommen hat. Er sagt er sei froh, dass er uns helfen konnte. Wir einigen uns dann darauf, dass wir nicht f\u00fcr die \u00dcbernachtung bezahlen sondern einfach den Kindern ein Eis spendieren. Das wird dann schweren Herzens so akzeptiert. Danach steht eine kurze F\u00e4hrfahrt in Velsen an. <img loading=\"lazy\" decoding=\"async\" class=\"aligncenter\" title=\"Mal wieder F\u00e4hre fahren :-)  \" alt=\"\" src=\"http:\/\/wp.cycling-family.info\/wp-content\/galleries\/niederlande_2012_nscr\/nscr_netherlands_201214.jpg\" width=\"560\" height=\"373\" \/>Wir folgen der Beschilderung und werden leider \u00fcber Wijk an Zee gelotst, was uns eine, am Sonntag willkommene, Einkaufsm\u00f6glichkeit und ein paar Zusatzkilometer beschert. Danach geht es dann wieder durch diese wirklich sehr sch\u00f6ne D\u00fcnenlandschaft mit ihren sanften H\u00fcgeln , was dann nat\u00fcrlich auch ein st\u00e4ndiges auf und ab zur Folge hat. Aber wir fahren durch herrliche Naturreservate vorbei an braunfelligen Longhorn Rindern <img loading=\"lazy\" decoding=\"async\" class=\"aligncenter\" title=\"Longhorn's im Naturreservat  \" alt=\"\" src=\"http:\/\/wp.cycling-family.info\/wp-content\/galleries\/niederlande_2012_nscr\/nscr_netherlands_201217.jpg\" width=\"560\" height=\"373\" \/>und Wildpferden auch m\u00fcssen wir eine 10%ige Steigung hoch. <img loading=\"lazy\" decoding=\"async\" class=\"aligncenter\" title=\"Auch in den Niederlanden gibt es 10% Steigungen, O.K. zumindest eine  \" alt=\"\" src=\"http:\/\/wp.cycling-family.info\/wp-content\/galleries\/niederlande_2012_nscr\/nscr_netherlands_201218.jpg\" width=\"560\" height=\"373\" \/>Also sind die Niederlande doch nicht so Topfflach wie in Deutschland angenommen wird. Heute ist hier auf den Radwegen wirklich unheimlich viel\u00a0 los. Was die Sache etwas unangenehm macht sind die Kollegen aus der Rennradfraktion, die sich immer wieder durch die anderen Radler durchschl\u00e4ngeln. Dann m\u00fcssen wir unsere gute Magura HS33, doch \u00f6fter benutzen als uns das lieb ist. Au\u00dferdem vermisse ich am Tandem unsere Rohloff-Schaltung die ich sonst an meinem Patria Terra fahre. Aber in den Genuss kommt unser Gro\u00dfer, Korrektur unser \u00e4ltester denn Timo ist mittlerweile etwas gr\u00f6\u00dfer. Der Wind kommt wie auch gestern schon von vorne. Nach 55km steuern wir den ersten CP an. Leider nimmt der wieder keine Wuschels\/Hunde auf aber die Dame an der Rezeption empfiehlt uns einen anderen Platz 10km weiter. Sollte der voll sein sagt sie, d\u00fcrfen wir wieder kommen f\u00fcr eine Nacht lie\u00dfe sich eine L\u00f6sung finden. Aber wer f\u00e4hrt schon freiwillig noch einmal 10Km zur\u00fcck? Aber immerhin eine nette Geste. Die Landschaft hat sich ge\u00e4ndert von leicht h\u00fcgeliger D\u00fcnenlandschaft auf Flache weite Ebenen, wo du heute schon sehen kannst wer morgen zu Besuch kommt.<img loading=\"lazy\" decoding=\"async\" class=\"aligncenter\" title=\"Plattes Land, Du kannst heute schon sehen wer morgen zu Besuch kommt\" alt=\"\" src=\"http:\/\/wp.cycling-family.info\/wp-content\/galleries\/niederlande_2012_nscr\/nscr_netherlands_201222.jpg\" width=\"560\" height=\"373\" \/> Der empfohlene Platz hat aber etwas frei f\u00fcr uns und Diego ist auch willkommen.<\/p>\n<p><strong>Tag 3: Sint Maartenzee nach Den Oever 43 km\u00a0 13.08.12<\/strong><\/p>\n<p>Heute bestehen die Niederlande f\u00fcr uns aus einer einzigen Steigung, weil der Wind uns den ganzen Tag \u00fcber ungefiltert von vorne entgegen pustet zeitweise wird unser Tempo auf 10-12km\/h gedrosselt. Heute haben wir eigentlich den Afsludijk (Abschlu\u00dfdeich) vor uns 30km durch die Nordsee, die durch diesen Deich vom Ijseelmeer getrennt wird. Also beschlie\u00dfen wir in Den Oever auf dem CP zu \u00fcbernachten weil wir jetzt schon ziemlich m\u00fcde sind. Es gibt dort laut unserer Karte 2 Pl\u00e4tze aber der erste ist irgendwie nicht zu finden und der zweite ist geschlossen.\u00a0<img loading=\"lazy\" decoding=\"async\" class=\"aligncenter\" title=\"Campingplatz in Den Oever ist geschlossen  \" alt=\"\" src=\"http:\/\/wp.cycling-family.info\/wp-content\/galleries\/niederlande_2012_nscr\/nscr_netherlands_201225.jpg\" width=\"560\" height=\"373\" \/> Aber wir rollen auf den Hof, weil gerade eine Frau aus dem Haus kommt. Wie sich herausstellt die Besitzerin. Wir unterhalten uns einen Moment, ich erz\u00e4hle vom Gegenwind und unserer Reise. Erst will sie uns 8 Km zur\u00fcck fahren lassen. Denn sie sagt eigentlich nimmt sie keine G\u00e4ste mehr. Ich wei\u00df nicht ob ihr das kennt, aber wenn jemand sagt eigentlich, dann merkt man immer da gibt\u2019s noch eine Option, das dann manchmal doch etwas geht. Au\u00dferdem haben wir ja den Familienbonus, denn einen gut durchtrainierten Radreisenden Soloradler schickt man bestimmt schneller wieder weg, als eine Gro\u00dffamilie mit so einem niedlichen Wuschel.\u00a0 Fazit unseres Gespr\u00e4chs ist, das wir eine Nacht bleiben d\u00fcrfen und einen gaaaaaaaaaaaaaaanzen\u00a0 Campingplatz, der bestimmt einmal sehr sch\u00f6n war, f\u00fcr uns alleine haben. <img loading=\"lazy\" decoding=\"async\" class=\"aligncenter\" title=\"Auf dem geschlossenen Campingplatz sind wir ganz alleine :-).  \" alt=\"\" src=\"http:\/\/wp.cycling-family.info\/wp-content\/galleries\/niederlande_2012_nscr\/nscr_netherlands_201224.jpg\" width=\"560\" height=\"373\" \/>Au\u00dferdem haben wir eine warme Dusche also alles sehr sch\u00f6n. Sp\u00e4ter fahren Timo, Fabio und ich einkaufen. Das ist etwas das ich auf unseren Touren immer sehr genie\u00dfe, wir machen alles zusammen, im Supermarkt wird dann gemeinsam entschieden was abends auf den Tisch kommt. Au\u00dferdem wird verhandelt was wir uns den besonderes g\u00f6nnen. Als wir aus dem Laden kommen hat sich der Wind gedreht. Also gute Aussichten f\u00fcr Morgen. Abends kochen wir dann zusammen. <img loading=\"lazy\" decoding=\"async\" class=\"aligncenter\" title=\"Es wird zusammen gekocht. \" alt=\"\" src=\"http:\/\/wp.cycling-family.info\/wp-content\/galleries\/niederlande_2012_nscr\/nscr_netherlands_201223.jpg\" width=\"560\" height=\"373\" \/>Wir haben eine ruhige Nacht, denn hier gibt es au\u00dfer uns keinen der fr\u00fch morgens den Rei\u00dfverschluss hoch zieht.<\/p>\n<p><strong>Tag 4 von den Oever nach Harlingen 43 Km 14.08.12<\/strong><\/p>\n<p>Leider hat der Wind \u00fcber Nacht wieder gedreht, so dass wir heute wieder starken Gegenwind haben.<\/p>\n<p>Es geht jetzt \u00fcber den 30,5km langen Afslutdijk. Die Strecke ist recht monoton, links ist eine autobahn\u00e4hnliche Bundesstra\u00dfe und von der Nordsee sieht man nur selten etwas. <img loading=\"lazy\" decoding=\"async\" class=\"aligncenter\" title=\"Die Cycling Family auf dem Afslutdiech\" alt=\"\" src=\"http:\/\/wp.cycling-family.info\/wp-content\/galleries\/niederlande_2012_nscr\/nscr_netherlands_201229.jpg\" width=\"560\" height=\"373\" \/>Hier machen wir unser traditionelles Gruppenfoto und nat\u00fcrlich auch eine Pause zum verschnaufen. <img loading=\"lazy\" decoding=\"async\" class=\"aligncenter\" title=\"Pause auf dem Abschlu\u00dfdeich \" alt=\"\" src=\"http:\/\/wp.cycling-family.info\/wp-content\/galleries\/niederlande_2012_nscr\/nscr_netherlands_201227.jpg\" width=\"560\" height=\"373\" \/>Lieber Leser wei\u00dft Du was ein Windbreaker ist? Ein Windbreaker, klar ist eine Jacke die den Wind vom K\u00f6rper wegh\u00e4lt. Auf dieser Tour habe ich Windbreaker ganz anderer Art, fr\u00fcher musste ich f\u00fcr meine S\u00f6hne immer den Frontmann machen bei Gegenwind, damit sie in meinem Windschatten fahren konnten. Das sch\u00f6ne ist das ich da jetzt etwas davon Zur\u00fcck bekomme. Das ist z. B. einer meiner Windbreaker. <img loading=\"lazy\" decoding=\"async\" class=\"aligncenter\" title=\"Einer meiner Windbreaker \" alt=\"\" src=\"http:\/\/wp.cycling-family.info\/wp-content\/galleries\/niederlande_2012_nscr\/nscr_netherlands_201230.jpg\" width=\"560\" height=\"373\" \/>Aber die wechseln und hei\u00dfen Marco, Timo oder Nico. Es gibt vom heutigen Tag wenig zu berichten au\u00dfer, dass wir uns kurz Fragen ob wir in der Schweiz gelandet sind, weil wir einen Ort passieren der Zurich hei\u00dft. <img loading=\"lazy\" decoding=\"async\" class=\"aligncenter\" title=\"Au Backe verfahren, aber wo sind die Berge? \" alt=\"\" src=\"http:\/\/wp.cycling-family.info\/wp-content\/galleries\/niederlande_2012_nscr\/nscr_netherlands_201232.jpg\" width=\"560\" height=\"373\" \/>Wir k\u00e4mpfen uns gegen den Wind an und beschlie\u00dfen dann in Harlingen Schlu\u00df zu machen f\u00fcr heute. Es ist sehr hei\u00df, so um die 30\u00b0 so bauen wir unsere Zelte auf und unser neues Vaude Tarp und legen uns in den Schatten. Vorher haben wir noch genug Getr\u00e4nke eingekauft also bleibt Zeit zum Vorlesen. Auf diese Tour ist, das Schiff der Abenteuer von Enid Blyton dran, und Chillen.<\/p>\n<p><strong>Tag 5 von Harlingen nach Holwerd 57 km 15.08.12<\/strong><\/p>\n<p style=\"text-align: left;\">Heute genie\u00dfen wir besonders die St\u00e4dte zum einen weil wir wirklich sch\u00f6ne Orte passieren, wie Harlingen, <img loading=\"lazy\" decoding=\"async\" class=\"aligncenter\" title=\"In Harlingen  \" alt=\"\" src=\"http:\/\/wp.cycling-family.info\/wp-content\/galleries\/niederlande_2012_nscr\/nscr_netherlands_201233.jpg\" width=\"560\" height=\"373\" \/>Saint Jacobiparochie<img loading=\"lazy\" decoding=\"async\" class=\"aligncenter\" title=\"Wir fahren durch Saint Jacobiparochie. \" alt=\"\" src=\"http:\/\/wp.cycling-family.info\/wp-content\/galleries\/niederlande_2012_nscr\/nscr_netherlands_201234.jpg\" width=\"560\" height=\"373\" \/><\/p>\n<p>und Oudebildtzijl aber auch weil wir in den St\u00e4dten f\u00fcr den Wind eine nicht so gute Angriffsfl\u00e4che bieten. Da bleibt leider f\u00fcr die Sch\u00f6nheiten am Wegesrand kaum ein Auge \u00fcber. Der Wind ist so stark das er unsere Geschwindigkeit zeitweise auf 8km\/h dr\u00fcckt, das ist die H\u00e4lfte des Tempos was wir hier sonst fahren k\u00f6nnten oder noch weniger. Also stemmen wir uns den ganzen Tag kr\u00e4ftig dagegen. Lydia hat schon seit 2 Tagen Knieschmerzen im rechten Knie <img loading=\"lazy\" decoding=\"async\" class=\"aligncenter\" title=\"Mal wieder Knieprobleme \" alt=\"\" src=\"http:\/\/wp.cycling-family.info\/wp-content\/galleries\/niederlande_2012_nscr\/nscr_netherlands_201235.jpg\" width=\"373\" height=\"560\" \/>und wir hoffen wir k\u00f6nnen morgen weiter fahren. Es wird ein Schmerzgel aufgetragen und ein Verband angelegt und dann schlafen wir eine Nacht dar\u00fcber. Beim Verwalter erkundige ich mich ,wie sich das denn so mit den Windrichtungen hier in den Niederlanden verh\u00e4lt. In unserer Karte steht wenn man im S\u00fcdwesten startet, h\u00e4tte man gute Aussichten auf R\u00fcckenwind. Bisher leider Fehlanzeige. Ja sagt der Verwalter in den Niederlanden h\u00e4tte man eigentlich nur zwei Optionen entweder Westwind und Regen oder Ostwind und sch\u00f6nes Wetter. H\u00f6rt sich f\u00fcr uns so ein wenig an, wie die Wahl zwischen Pest und Cholera. Aber eigentlich w\u00e4re schon meistens Westwind.<\/p>\n<p><strong>Tag 6 von Holwerd nach Uithuizen 74 km 16.08.12<\/strong><\/p>\n<p style=\"text-align: left;\">Als erstes machen wir uns morgens ein Bild von Lydias Knie, aber dem geht es ganz gut. Sie ist schmerzfrei und sagt wir k\u00f6nnen alle weiter fahren. Dann straft das Wetter unseren Platzwart ein bisschen L\u00fcgen. Denn heute ist das Wetter sch\u00f6n und wir k\u00f6nnen es erst kaum glauben, wir haben tats\u00e4chlich R\u00fcckenwind, au\u00dferdem hat Diego hier mal wieder die M\u00f6glichkeit lange Strecken neben dem BoB her zu laufen.<img loading=\"lazy\" decoding=\"async\" class=\"aligncenter\" title=\"Auch Diego sitzt nicht nur im BoB  \" alt=\"\" src=\"http:\/\/wp.cycling-family.info\/wp-content\/galleries\/niederlande_2012_nscr\/nscr_netherlands_201237.jpg\" width=\"560\" height=\"336\" \/><\/p>\n<p style=\"text-align: left;\">Also heute das erste Mal Gef\u00e4lle in den Niederlanden die letzten Tage hatten wir ja nur Steigungen mit bis zu 10% (nat\u00fcrlich durch den Gegenwind).Heute fahren wir mal wieder zwischen den Meeren den es geht \u00fcber einen Deich der die Nordsee vom Lauwersmeer trennt. <img loading=\"lazy\" decoding=\"async\" class=\"aligncenter\" title=\"Wir haben rechts die Nordsee und links das Lauwersmeer\" alt=\"\" src=\"http:\/\/wp.cycling-family.info\/wp-content\/galleries\/niederlande_2012_nscr\/nscr_netherlands_201238.jpg\" width=\"560\" height=\"373\" \/>Dann stehen wir das erste mal vor einer Br\u00fccke die hoch geklappt wird, so dass die Schiffe ins Lauwersmeer fahren k\u00f6nnen. <img loading=\"lazy\" decoding=\"async\" class=\"aligncenter\" title=\"Stop f\u00fcr Biker, freie Fahrt f\u00fcr Skipper.  \" alt=\"\" src=\"http:\/\/wp.cycling-family.info\/wp-content\/galleries\/niederlande_2012_nscr\/nscr_netherlands_201240.jpg\" width=\"560\" height=\"373\" \/>Was soll man heute sagen es l\u00e4uft rund und es gibt eigentlich \u00fcber gute Tage meist wenig zu berichten. Durch den R\u00fcckenwind\u00a0 entscheiden wir uns spontan in Warftum noch bis zum n\u00e4chsten CP in Uithuizen weiter zu fahren. Das ist dann ein Naturcampingplatz am besten einmal die HP besuchen, wenn alle Pl\u00e4tze so sind k\u00f6nnen wir das sehr empfehlen\u00a0 (<span style=\"color: #ff0000;\"><a title=\"Naturcampingpl\u00e4tze Niederlande\" href=\"http:\/\/www.natuurkampeerterreinen.nl\/de\/\" target=\"_blank\"><span style=\"color: #ff0000;\"><strong>www. Natuurkampeerterreinen.nl<\/strong><\/span><\/a><\/span>). Alles sehr sch\u00f6n an einem alten Gutshaus gelegen.<\/p>\n<p><strong>Tag 7 von Uithuizen nach Emden\/Ihlow 55km 17.08.2012<\/strong><\/p>\n<p>Heute brechen wir zeitig auf denn dadurch, dass wir die Strecke vor dem Abschlu\u00dfdeich aufgeteilt haben, fehlt uns ein Tag und wir haben am Samstag eine Einladung zu einem 50. Geburtstag.<\/p>\n<p>Nat\u00fcrlich haben wir heute wieder Gegenwind, w\u00e4re auch zu sch\u00f6n gewesen. Aber Marco als der \u00e4lteste spannt sich vorne vor und bricht durch den Wind (Windbreaker \ud83d\ude09 ). Wir kommen in Defizil um 11.40 an. Die F\u00e4hre ist aber leider ohne uns schon um 11.00 Uhr gefahren. Das w\u00e4re ja auch nicht weiter schlimm gewesen, wenn die n\u00e4chste F\u00e4hre nicht erst um 16.15 fahren w\u00fcrde. Naja, also setzen wir uns in Strandn\u00e4he in den Schatten eines B\u00fcrogeb\u00e4udes und schlagen die Zeit mit Schlafen, Spielen oder Music h\u00f6ren tot.<\/p>\n<p style=\"text-align: left;\">Um 16.00 Uhr sind wir dann wieder am Hafen und m\u00fcssen bis 16.30 warten bis die F\u00e4hre kommt. <img loading=\"lazy\" decoding=\"async\" class=\"aligncenter\" title=\"Die Dollardf\u00e4hre \" alt=\"\" src=\"http:\/\/wp.cycling-family.info\/wp-content\/galleries\/niederlande_2012_nscr\/nscr_netherlands_201243.jpg\" width=\"560\" height=\"373\" \/>Aber diese F\u00e4hre h\u00e4lt dann noch ein besonderes Bonbon bereit (wenn auch ein bitteres). Denn ich glaube wir sind wirklich alles oder fast alles an F\u00e4hren gefahren, was es zwischen Bergen in Norwegen und Hoek van Holland in den Niederlanden gibt. Aber dies ist die erste F\u00e4hre wo wir unsere R\u00e4der komplett abpacken m\u00fcssen. Aber irgendwann ist alles verstaut <img loading=\"lazy\" decoding=\"async\" class=\"aligncenter\" title=\"Unser ganzes Gep\u00e4ck muss von den Bikes abgepackt werden :-(  \" alt=\"\" src=\"http:\/\/wp.cycling-family.info\/wp-content\/galleries\/niederlande_2012_nscr\/nscr_netherlands_201242.jpg\" width=\"560\" height=\"373\" \/>und wir genie\u00dfen die \u00dcberfahrt nach Emden. Als wir unser Gep\u00e4ck dann in Emden wieder an die R\u00e4der packen,<img loading=\"lazy\" decoding=\"async\" class=\"aligncenter\" title=\"Es mus das ganze Gep\u00e4ck wieder auf die Bikes \" alt=\"\" src=\"http:\/\/wp.cycling-family.info\/wp-content\/galleries\/niederlande_2012_nscr\/nscr_netherlands_201244.jpg\" width=\"560\" height=\"373\" \/><\/p>\n<p style=\"text-align: left;\">gibt es noch einen kurzen Schwatz mit dem K\u00e4ptain und dann fahren wir Richtung Ihlow. Als dann in Emden die Schranke unten ist, treffen wir einen netten Emdener der uns kurz entschlossen durch Emden lotst und uns auf den richtigen Weg nach Ihlow bringt. Das scheint hier alles sehr Famili\u00e4r zu sein, Emden hat so etwas von einem gro\u00dfen Dorf, ein freundliches Hallo hier, ein kleiner Schnack da. Oder unser Guide ist Stadt bekannt. Das bringen wir leider nicht in Erfahrung. Es sind noch gut 23 Km bis wir an unserem Auto sind. Dadurch, dass wir so viel Zeit verloren haben wegen der F\u00e4hre sind wir erst gegen 20.00 Uhr an unserem Auto. Wir packen schnell alles ein, <img loading=\"lazy\" decoding=\"async\" class=\"aligncenter\" title=\"Unser Auto wartet auf uns in Emden \" alt=\"\" src=\"http:\/\/wp.cycling-family.info\/wp-content\/galleries\/niederlande_2012_nscr\/nscr_netherlands_201245.jpg\" width=\"560\" height=\"373\" \/>bedanken uns f\u00fcr das Carsitting und\u00a0 essen Abendbrot in dem Restaurant mit dem goldenen Arc. Um 1.30 Uhr fallen wir dann m\u00fcde in unsere Betten und behalten die Niederlande als ein Land mit freundlichen Menschen und viel Gegenwind in Erinnerung.<\/p>\n","protected":false},"excerpt":{"rendered":"<p>Radreisebericht 2012 entlang der Nordseek\u00fcste der Niederlande NSCR Tag 1: Hoek van Holland nach Brederode 77 km 11.08.12 Heute sind wir gegen Mittag\u00a0 13.30 Uhr gestartet. Gute Freunde von uns haben uns in der N\u00e4he von Hoek van Holland abgesetzt &hellip; <a href=\"https:\/\/wp.cycling-family.info\/?page_id=323\">Weiterlesen <span class=\"meta-nav\">&rarr;<\/span><\/a><\/p>\n","protected":false},"author":1,"featured_media":0,"parent":0,"menu_order":0,"comment_status":"closed","ping_status":"closed","template":"","meta":{"ngg_post_thumbnail":0,"jetpack_post_was_ever_published":false,"footnotes":""},"jetpack_shortlink":"https:\/\/wp.me\/P3JTu5-5d","jetpack_sharing_enabled":true,"_links":{"self":[{"href":"https:\/\/wp.cycling-family.info\/index.php?rest_route=\/wp\/v2\/pages\/323"}],"collection":[{"href":"https:\/\/wp.cycling-family.info\/index.php?rest_route=\/wp\/v2\/pages"}],"about":[{"href":"https:\/\/wp.cycling-family.info\/index.php?rest_route=\/wp\/v2\/types\/page"}],"author":[{"embeddable":true,"href":"https:\/\/wp.cycling-family.info\/index.php?rest_route=\/wp\/v2\/users\/1"}],"replies":[{"embeddable":true,"href":"https:\/\/wp.cycling-family.info\/index.php?rest_route=%2Fwp%2Fv2%2Fcomments&post=323"}],"version-history":[{"count":14,"href":"https:\/\/wp.cycling-family.info\/index.php?rest_route=\/wp\/v2\/pages\/323\/revisions"}],"predecessor-version":[{"id":1583,"href":"https:\/\/wp.cycling-family.info\/index.php?rest_route=\/wp\/v2\/pages\/323\/revisions\/1583"}],"wp:attachment":[{"href":"https:\/\/wp.cycling-family.info\/index.php?rest_route=%2Fwp%2Fv2%2Fmedia&parent=323"}],"curies":[{"name":"wp","href":"https:\/\/api.w.org\/{rel}","templated":true}]}}