{"id":2487,"date":"2019-06-29T18:03:38","date_gmt":"2019-06-29T16:03:38","guid":{"rendered":"http:\/\/wp.cycling-family.info\/?page_id=2487"},"modified":"2019-06-30T19:50:27","modified_gmt":"2019-06-30T17:50:27","slug":"haustuer-zur-haustuer-tour-2019","status":"publish","type":"page","link":"https:\/\/wp.cycling-family.info\/?page_id=2487","title":{"rendered":"Haust\u00fcr zur Haust\u00fcr Tour 2019"},"content":{"rendered":"<p>TAG 1: 78,61. KM Mein Cousin Eric und ich sind im Juni 2019 zu einer, Haust\u00fcr zu Haust\u00fcr Tour gestartet. Startpunkt war Koblenz. Den ersten Tag sind wir, nachdem wir gegen ca.14.00 Uhr gestartet sind bis zu unserem ersten Warmshowers Gastgeber nach K\u00f6nigswinter gefahren. Sehr sch\u00f6ne Strecke, nicht zu viele Menschen unterwegs und herrliches Wetter, mit der Option von starkem Regen am Abend. Highlight war ein herlicher Ausblick auf das Siebengebirge.<\/p>\n<p><img decoding=\"async\" class=\"ngg-singlepic ngg-center aligncenter\" src=\"http:\/\/www.cycling2gether.de\/wp-content\/gallery\/haustuer_zu_haustuer_tour\/Eric_Thomas_tour0.JPG\" alt=\"Eric_Thomas_tour0\"\/><\/p>\n<p>TAG 2: 100,14 KM. Nach einem guten Fr\u00fchst\u00fcck ging es um 9.00 weiter von K\u00f6nigswinter Richtung D\u00fcsseldorf. Die Strecke zieht sich und ist nicht so richtig reizvoll. Gerade so Gro\u00dfstadt Metropolen wie K\u00f6ln sind nicht der sch\u00f6nste Ort zum Radeln. Aber auch hier gibt es immer wieder kleine Highlights mit sch\u00f6nen Aussichten und der M\u00f6glichkeit Bilder zu machen. Sich dem K\u00f6lner Dom dann mit dem Rad zu n\u00e4hern und ihn schon von weitem sehen zu k\u00f6nnen, ist trotz des hohen Verkehrsaufkommens in der Gro\u00dfstadt, ein Highlight. Am Abend haben wir dann meinen Sohn in D\u00fcsseldorf besucht und dort \u00fcbernachtet.<\/p>\n<p><img decoding=\"async\" class=\"ngg-singlepic ngg-center aligncenter\" src=\"http:\/\/www.cycling2gether.de\/wp-content\/gallery\/haustuer_zu_haustuer_tour\/Eric_Thomas_tour1.JPG\" alt=\"Eric_Thomas_tour1\"\/><\/p>\n<p>TAG 3: 112,39 KM. D\u00fcsseldorf nach Dorsten. Wir verlassen D\u00fcsseldorf \u00fcber die K\u00d6 und m\u00fcssen so ziemlich an jeder Ampel anhalten und freuen uns das wir dann irgendwann D\u00fcsseldorf hinter uns haben. Es geht weiter nach Duisburg, was dann auch wieder mit viel Stopp and Go im Innenstadtbereich zu tun hat. Aber ich muss sagen, die Innenstadt von Duisburg ist mit der Springbrunnenanlage nicht unatraktiv. Leider zieht sich der Himmel langsam aber sicher zu und es wird an diesem Tag dann empfindlich kalt und kurz hinter Duisburg f\u00e4ngt es dann an zu sch\u00fctten wie aus K\u00fcbeln. Aber f\u00fcr Shiedwedder gibt es ja gute Regenkleidung und ein Caf\u00e9 mit Kuchen, Kaffee oder warmen Kakao wo man so ein Wetter aussitzen kann. Wir passieren Wesel und wollen eigentlich kurz vor Dorsten auf einen Campingplatz. Aber leider sind die nur f\u00fcr Mitglieder\/Dauercamper und so rufen wir in Dorsten bei einem Gastgeber von Warmshowers an. Eigentlich soll man sich ja einen Tag vorher anmleden, aber die beiden sind so flexibel das sie uns eine halbe Stunde sp\u00e4ter aufnehmen. Es gibt alles was das Radlerherz begehrt, einen Schlafplatz, eine Dusche und als Kr\u00f6nung eine sehr leckere Curry Suppe mit Erdbeereis zum Abschluss. Radler was willst du mehr.<\/p>\n<p><img decoding=\"async\" class=\"ngg-singlepic ngg-center\" src=\"http:\/\/www.cycling2gether.de\/wp-content\/gallery\/haustuer_zu_haustuer_tour\/Eric_Thomas_tour2.JPG\" alt=\"Eric_Thomas_tour2\"\/><\/p>\n<p>TAG 4: 102,98. Dorsten nach Hamm. Eric und ich sind mittelweile auf der R\u00f6mer-Lippe-Route untwegs. Erst geht es hinter Dorsten sch\u00f6n an der Lippe lang, aber irgendwann geht die Streckenf\u00fchrung dann \u00fcber viele KM nur an einer stark befhrenen Hauptstra\u00dfe lang, was keinen Spa\u00df macht. wir freuen uns als wir am Hamm Datteln Kanal ankommen. Hier spricht uns in der Mittagspause Konrad an. Er ist 71 Jahre und mit dem E-Bike unterwegs. Wichtig ist ihm, das er seinen Motor nur an den kurzen Steigungen einsetzt und sonst f\u00e4hrt er ohne Unterst\u00fctzung. Konrad erz\u00e4hlt uns viel aus seinem Leben und bringt uns dann an eine Stelle, wo wir dem Hamm Datteln Kanal dann bis Hamm folgen k\u00f6nnen. R\u00fcckenwind sonniges Wetter und wir sparen uns die vielen kleinen Schleifen des Lippe-Radwegs. Abends kommen wir wieder bei einem WarmShowers Gastgeber unter. Es gibt Spagetti mit selbstgemachter So\u00dfe, eine Dusche und ein Bett. Diese Tour lebt also weniger von den touristischen Highlights, sondern mehr von den Menschen die wir treffen.&nbsp;<\/p>\n<p><img decoding=\"async\" class=\"ngg-singlepic ngg-center\" src=\"http:\/\/www.cycling2gether.de\/wp-content\/gallery\/haustuer_zu_haustuer_tour\/Eric_Thomas_tour3.JPG\" alt=\"Eric_Thomas_tour3\"\/><\/p>\n<p>TAG 5 110,32 KM. Hamm nach Detmold. Schlussetappe. Am fr\u00fchen Nachmittag haben wir schon gut 75 Km in den Beinen. Wir k\u00f6nnten schnell in Detmold sein. Aber da wir Zeit haben und uns keiner treibt, entschlie\u00dfen wir uns noch einen kurzen Schlenker \u00fcber den R1 zu machen, der sich landschaftlich als sehr reizvoll entwickelt. Mittags machen wir Pause an einem kleinen Bach wo wir die Beine im Flu\u00df ein wenig abk\u00fchlen k\u00f6nnen. Und dann geht es durch W\u00e4lder vorbei an einem kleinen Schlo\u00df bis nach Detmold wo unsere kurze Tour dann endet.<\/p>\n<p>&nbsp;<\/p>\n","protected":false},"excerpt":{"rendered":"<p>TAG 1: 78,61. KM Mein Cousin Eric und ich sind im Juni 2019 zu einer, Haust\u00fcr zu Haust\u00fcr Tour gestartet. Startpunkt war Koblenz. Den ersten Tag sind wir, nachdem wir gegen ca.14.00 Uhr gestartet sind bis zu unserem ersten Warmshowers &hellip; <a href=\"https:\/\/wp.cycling-family.info\/?page_id=2487\">Weiterlesen <span class=\"meta-nav\">&rarr;<\/span><\/a><\/p>\n","protected":false},"author":1,"featured_media":0,"parent":0,"menu_order":0,"comment_status":"closed","ping_status":"closed","template":"","meta":{"ngg_post_thumbnail":0,"jetpack_post_was_ever_published":false,"footnotes":""},"jetpack_shortlink":"https:\/\/wp.me\/P3JTu5-E7","jetpack_sharing_enabled":true,"_links":{"self":[{"href":"https:\/\/wp.cycling-family.info\/index.php?rest_route=\/wp\/v2\/pages\/2487"}],"collection":[{"href":"https:\/\/wp.cycling-family.info\/index.php?rest_route=\/wp\/v2\/pages"}],"about":[{"href":"https:\/\/wp.cycling-family.info\/index.php?rest_route=\/wp\/v2\/types\/page"}],"author":[{"embeddable":true,"href":"https:\/\/wp.cycling-family.info\/index.php?rest_route=\/wp\/v2\/users\/1"}],"replies":[{"embeddable":true,"href":"https:\/\/wp.cycling-family.info\/index.php?rest_route=%2Fwp%2Fv2%2Fcomments&post=2487"}],"version-history":[{"count":3,"href":"https:\/\/wp.cycling-family.info\/index.php?rest_route=\/wp\/v2\/pages\/2487\/revisions"}],"predecessor-version":[{"id":2491,"href":"https:\/\/wp.cycling-family.info\/index.php?rest_route=\/wp\/v2\/pages\/2487\/revisions\/2491"}],"wp:attachment":[{"href":"https:\/\/wp.cycling-family.info\/index.php?rest_route=%2Fwp%2Fv2%2Fmedia&parent=2487"}],"curies":[{"name":"wp","href":"https:\/\/api.w.org\/{rel}","templated":true}]}}