{"id":2052,"date":"2015-09-01T10:28:28","date_gmt":"2015-09-01T08:28:28","guid":{"rendered":"http:\/\/wp.cycling-family.info\/?page_id=2052"},"modified":"2015-09-01T10:28:40","modified_gmt":"2015-09-01T08:28:40","slug":"bilder-ems-radweg","status":"publish","type":"page","link":"https:\/\/wp.cycling-family.info\/?page_id=2052","title":{"rendered":"Bilder Ems Radweg"},"content":{"rendered":"<p>Wenn das Gro\u00dfprojekt Schottland sich dieses Jahr auch nicht umsetzen lie\u00df, so bleiben immer noch die Touren vor der Haust\u00fcr die ja auch ihren Reiz haben. Manchmal muss man mit wenig zufrieden sein.<\/p>\nngg_shortcode_0_placeholder\n","protected":false},"excerpt":{"rendered":"<p>Wenn das Gro\u00dfprojekt Schottland sich dieses Jahr auch nicht umsetzen lie\u00df, so bleiben immer noch die Touren vor der Haust\u00fcr die ja auch ihren Reiz haben. Manchmal muss man mit wenig zufrieden sein.<\/p>\n","protected":false},"author":1,"featured_media":0,"parent":0,"menu_order":0,"comment_status":"closed","ping_status":"closed","template":"","meta":{"ngg_post_thumbnail":0,"jetpack_post_was_ever_published":false,"footnotes":""},"jetpack_shortlink":"https:\/\/wp.me\/P3JTu5-x6","jetpack_sharing_enabled":true,"_links":{"self":[{"href":"https:\/\/wp.cycling-family.info\/index.php?rest_route=\/wp\/v2\/pages\/2052"}],"collection":[{"href":"https:\/\/wp.cycling-family.info\/index.php?rest_route=\/wp\/v2\/pages"}],"about":[{"href":"https:\/\/wp.cycling-family.info\/index.php?rest_route=\/wp\/v2\/types\/page"}],"author":[{"embeddable":true,"href":"https:\/\/wp.cycling-family.info\/index.php?rest_route=\/wp\/v2\/users\/1"}],"replies":[{"embeddable":true,"href":"https:\/\/wp.cycling-family.info\/index.php?rest_route=%2Fwp%2Fv2%2Fcomments&post=2052"}],"version-history":[{"count":2,"href":"https:\/\/wp.cycling-family.info\/index.php?rest_route=\/wp\/v2\/pages\/2052\/revisions"}],"predecessor-version":[{"id":2054,"href":"https:\/\/wp.cycling-family.info\/index.php?rest_route=\/wp\/v2\/pages\/2052\/revisions\/2054"}],"wp:attachment":[{"href":"https:\/\/wp.cycling-family.info\/index.php?rest_route=%2Fwp%2Fv2%2Fmedia&parent=2052"}],"curies":[{"name":"wp","href":"https:\/\/api.w.org\/{rel}","templated":true}]}}