{"id":1061,"date":"2013-09-09T17:11:43","date_gmt":"2013-09-09T15:11:43","guid":{"rendered":"http:\/\/wp.cycling-family.info\/?page_id=1061"},"modified":"2013-10-27T20:12:11","modified_gmt":"2013-10-27T18:12:11","slug":"schlafen","status":"publish","type":"page","link":"https:\/\/wp.cycling-family.info\/?page_id=1061","title":{"rendered":"Schlafen"},"content":{"rendered":"<p>Es gibt drei Sachen, die wichtig f\u00fcr einen guten Schlaf sind.<\/p>\n<ol>\n<li>Ein Dach \u00fcber den Kopf, d.h. ein gutes Zelt<\/li>\n<li>Ein Schlafsack f\u00fcr den entsprechenden Temperaturbereich<\/li>\n<li>Ein gute Schlafunterlage, ggf. ein kleines Kissen<\/li>\n<\/ol>\n<ul>\n<li>Bei den Zelten setzen wir auf unsere bewerten Vaude Zelte. Ein <strong><a title=\"Vaude Opera\" href=\"http:\/\/wp.cycling-family.info\/?page_id=1054\" target=\"_blank\">Vaude Opera<\/a><\/strong> und ein Vaude Power Odyssee XT<\/li>\n<\/ul>\n<p><img loading=\"lazy\" decoding=\"async\" class=\"aligncenter\" title=\"Die Zelte der Cycling Family\" alt=\"\" src=\"http:\/\/wp.cycling-family.info\/wp-content\/galleries\/ausruestung\/schlafen001.jpg\" width=\"640\" height=\"426\" \/><\/p>\n<ul>\n<li>\u00a0Bei den Schlafs\u00e4cken k\u00f6nnen wir das <strong><a title=\"Vaude Schlafs\u00e4cke\" href=\"http:\/\/www.vaude.com\/de-DE\/Produkte\/Ausruestung\/Schlafsaecke-Matten\/\" target=\"_blank\">Vaude Schlafsackprogramm <\/a><\/strong>empfehlen.<\/li>\n<\/ul>\n<p style=\"text-align: center;\"><img loading=\"lazy\" decoding=\"async\" class=\"aligncenter\" title=\"Die Schlafs\u00e4cke der Cycling Family\" alt=\"\" src=\"http:\/\/wp.cycling-family.info\/wp-content\/galleries\/ausruestung\/schlafen002.jpg\" width=\"640\" height=\"426\" \/><\/p>\n<ul>\n<li>\u00a0Die Schlafunterlage ist bei uns entweder eine Isomatte oder eine Selbsstaufblasbare Matte z.B. <a title=\"Vaude Tour \" href=\"http:\/\/www.vaude.com\/de-DE\/Produkte\/Ausruestung\/Schlafsaecke-Matten\/Tour-smoky.html\" target=\"_blank\"><strong>Vaude Tour<\/strong><\/a>.<\/li>\n<\/ul>\n<p>&nbsp;<\/p>\n<p>&nbsp;<\/p>\n","protected":false},"excerpt":{"rendered":"<p>Es gibt drei Sachen, die wichtig f\u00fcr einen guten Schlaf sind. Ein Dach \u00fcber den Kopf, d.h. ein gutes Zelt Ein Schlafsack f\u00fcr den entsprechenden Temperaturbereich Ein gute Schlafunterlage, ggf. ein kleines Kissen Bei den Zelten setzen wir auf unsere &hellip; <a href=\"https:\/\/wp.cycling-family.info\/?page_id=1061\">Weiterlesen <span class=\"meta-nav\">&rarr;<\/span><\/a><\/p>\n","protected":false},"author":1,"featured_media":0,"parent":0,"menu_order":0,"comment_status":"closed","ping_status":"closed","template":"","meta":{"ngg_post_thumbnail":0,"jetpack_post_was_ever_published":false,"footnotes":""},"jetpack_shortlink":"https:\/\/wp.me\/P3JTu5-h7","jetpack_sharing_enabled":true,"_links":{"self":[{"href":"https:\/\/wp.cycling-family.info\/index.php?rest_route=\/wp\/v2\/pages\/1061"}],"collection":[{"href":"https:\/\/wp.cycling-family.info\/index.php?rest_route=\/wp\/v2\/pages"}],"about":[{"href":"https:\/\/wp.cycling-family.info\/index.php?rest_route=\/wp\/v2\/types\/page"}],"author":[{"embeddable":true,"href":"https:\/\/wp.cycling-family.info\/index.php?rest_route=\/wp\/v2\/users\/1"}],"replies":[{"embeddable":true,"href":"https:\/\/wp.cycling-family.info\/index.php?rest_route=%2Fwp%2Fv2%2Fcomments&post=1061"}],"version-history":[{"count":10,"href":"https:\/\/wp.cycling-family.info\/index.php?rest_route=\/wp\/v2\/pages\/1061\/revisions"}],"predecessor-version":[{"id":1437,"href":"https:\/\/wp.cycling-family.info\/index.php?rest_route=\/wp\/v2\/pages\/1061\/revisions\/1437"}],"wp:attachment":[{"href":"https:\/\/wp.cycling-family.info\/index.php?rest_route=%2Fwp%2Fv2%2Fmedia&parent=1061"}],"curies":[{"name":"wp","href":"https:\/\/api.w.org\/{rel}","templated":true}]}}