{"id":1054,"date":"2013-09-08T08:14:06","date_gmt":"2013-09-08T06:14:06","guid":{"rendered":"http:\/\/wp.cycling-family.info\/?page_id=1054"},"modified":"2014-10-18T21:59:42","modified_gmt":"2014-10-18T19:59:42","slug":"links","status":"publish","type":"page","link":"https:\/\/wp.cycling-family.info\/?page_id=1054","title":{"rendered":"Links"},"content":{"rendered":"<p><span style=\"color: #ff0000;\"><a title=\"Tilmann Waldthaler\" href=\"http:\/\/new.tilmann.com\/index.php?option=com_frontpage&amp;Itemid=1\" target=\"_blank\"><span style=\"color: #ff0000;\"><strong>Tilmann Waldthaler<\/strong><\/span><\/a><\/span><\/p>\n<p>Sehr gut gemachte Homepage von Tilmann Waldthaler. Ihm verdanken wir \u00fcber viele Jahre sehr gute Infos und Tipps rund um das Thema Radreise.<\/p>\n<p style=\"text-align: center;\"><img loading=\"lazy\" decoding=\"async\" class=\"aligncenter\" title=\"Tilmann Waldthaler\" src=\"http:\/\/wp.cycling-family.info\/wp-content\/galleries\/links\/tilmann-waldthaler.jpg\" alt=\"\" width=\"210\" height=\"158\" \/><\/p>\n<p style=\"text-align: left;\">____________________________________________________________________________________________________<\/p>\n<p style=\"text-align: left;\"><strong><a title=\"Cycling2gether\" href=\"http:\/\/www.cycling2gether.de\/\" target=\"_blank\"><span style=\"color: #ff0000;\">Cycling2gether<\/span><\/a><\/strong><\/p>\n<p style=\"text-align: left;\">Homepage \u00fcber das Radreisen mit dem Santos Tandem und als Paar auf zwei Patria Terras (Diese Seite wird die Nachfolgeseite der Cycling Family, wenn die Mama mit dem Papa allein radelt ;- p)<\/p>\n<p style=\"text-align: center;\"><img loading=\"lazy\" decoding=\"async\" class=\"aligncenter\" src=\"http:\/\/wp.cycling-family.info\/wp-content\/galleries\/links\/diemelradweg-201301.jpg\" alt=\"\" width=\"600\" height=\"172\" \/><\/p>\n<p>____________________________________________________________________________________________________<\/p>\n<p><span style=\"color: #ff0000;\"><a title=\"Rad Reise Service\" href=\"http:\/\/www.rad-reise-service.de\/\" target=\"_blank\"><span style=\"color: #ff0000;\"><strong>Rad Reise Service<\/strong><\/span><\/a><\/span><\/p>\n<p>Sehr gut gemachtes Internetportal von Holger Koch rund um Radreise, Radkauf und Routenvorschl\u00e4gen dort kann man auch selbst gefahrene Routen beschreiben oder sich \u00fcber gef\u00fchrte Radreisen informieren.<\/p>\n<p style=\"text-align: center;\"><img loading=\"lazy\" decoding=\"async\" class=\"aligncenter\" title=\"rad reise service\" src=\"http:\/\/wp.cycling-family.info\/wp-content\/galleries\/links\/rad-reise-service.gif\" alt=\"\" width=\"262\" height=\"44\" \/><\/p>\n<p>____________________________________________________________________________________________________<\/p>\n<p><span style=\"color: #ff0000;\"><a title=\"Reiseberichte.com\" href=\"http:\/\/www.reiseberichte.com\/\" target=\"_blank\"><span style=\"color: #ff0000;\"><strong>Reiseberichte.com<\/strong><\/span><\/a><\/span><\/p>\n<p>In diesem Internetportal gibt es au\u00dfer unserem, noch viele andere Reiseberichte von Globetrottern.<\/p>\n<p style=\"text-align: center;\"><img loading=\"lazy\" decoding=\"async\" class=\"aligncenter\" title=\"reiseberichte.com\" src=\"http:\/\/wp.cycling-family.info\/wp-content\/galleries\/links\/reiseberichte-com.gif\" alt=\"\" width=\"209\" height=\"113\" \/><\/p>\n<p>____________________________________________________________________________________________________<\/p>\n<p><span style=\"color: #ff0000;\"><a title=\"Globetrotter Ausr\u00fcstung\" href=\"https:\/\/www.globetrotter.de\/\" target=\"_blank\"><span style=\"color: #ff0000;\"><strong>Globetrotter Ausr\u00fcstung<\/strong><\/span><\/a><\/span><\/p>\n<p>Bei Globetrotter gibt es viel Outdoorzubeh\u00f6r, alles was der Radler so f\u00fcr die gro\u00dfe Tour braucht. Auch Teile des Vaudeequipments gibt es hier zu kaufen.<\/p>\n<p style=\"text-align: center;\"><img loading=\"lazy\" decoding=\"async\" class=\"aligncenter\" title=\"Globetrotter Ausr\u00fcstung\" src=\"http:\/\/wp.cycling-family.info\/wp-content\/galleries\/links\/globetrotter-ausruestung.jpg\" alt=\"\" width=\"187\" height=\"48\" \/><\/p>\n<p>____________________________________________________________________________________________________<\/p>\n<p><span style=\"color: #ff0000;\"><a title=\"2 + 2\" href=\"http:\/\/www.zweipluszwei.com\/homepage\/\" target=\"_blank\"><span style=\"color: #ff0000;\"><strong>Zwei+ Zwei <\/strong><\/span><\/a><\/span><\/p>\n<p><span style=\"color: #ff0000;\"><a title=\"Chariot Kinderanh\u00e4nger\" href=\"http:\/\/www.chariotcarriers.com\/de-de\/de\" target=\"_blank\"><span style=\"color: #ff0000;\"><strong>Chariot Kinderanh\u00e4nger<\/strong><\/span><\/a><\/span><\/p>\n<p>Vertreibt Kinderanh\u00e4nger, BoB Einspuranh\u00e4nger und hat auch f\u00fcr Familien ein sehr sch\u00f6nes Tandemprogramm.<\/p>\n<p style=\"text-align: center;\"><img loading=\"lazy\" decoding=\"async\" class=\"aligncenter\" src=\"http:\/\/wp.cycling-family.info\/wp-content\/galleries\/links\/2plus2.jpg\" alt=\"\" width=\"250\" height=\"56\" \/><\/p>\n<p style=\"text-align: left;\">____________________________________________________________________________________________________<\/p>\n<p style=\"text-align: left;\"><a title=\"Retroshift\" href=\"http:\/\/www.gevenalle.eu\/\" target=\"_blank\"><strong><span style=\"color: #ff0000;\">Retroshift<\/span><\/strong><\/a><\/p>\n<p style=\"text-align: left;\">Retroshift ist die Schaltbremshebelkombination die es schafft, Lenkerendschalthebel mit dem Bremsgriff zu verbinden.<\/p>\n<p style=\"text-align: left;\">ngg_shortcode_0_placeholder<\/p>\n<p><strong><span style=\"font-family: comic sans ms,sans-serif;\">\u00a0<\/span><\/strong><\/p>\n","protected":false},"excerpt":{"rendered":"<p>Tilmann Waldthaler Sehr gut gemachte Homepage von Tilmann Waldthaler. Ihm verdanken wir \u00fcber viele Jahre sehr gute Infos und Tipps rund um das Thema Radreise. ____________________________________________________________________________________________________ Cycling2gether Homepage \u00fcber das Radreisen mit dem Santos Tandem und als Paar auf zwei &hellip; <a href=\"https:\/\/wp.cycling-family.info\/?page_id=1054\">Weiterlesen <span class=\"meta-nav\">&rarr;<\/span><\/a><\/p>\n","protected":false},"author":1,"featured_media":0,"parent":0,"menu_order":0,"comment_status":"closed","ping_status":"closed","template":"","meta":{"ngg_post_thumbnail":0,"jetpack_post_was_ever_published":false,"footnotes":""},"jetpack_shortlink":"https:\/\/wp.me\/P3JTu5-h0","jetpack_sharing_enabled":true,"_links":{"self":[{"href":"https:\/\/wp.cycling-family.info\/index.php?rest_route=\/wp\/v2\/pages\/1054"}],"collection":[{"href":"https:\/\/wp.cycling-family.info\/index.php?rest_route=\/wp\/v2\/pages"}],"about":[{"href":"https:\/\/wp.cycling-family.info\/index.php?rest_route=\/wp\/v2\/types\/page"}],"author":[{"embeddable":true,"href":"https:\/\/wp.cycling-family.info\/index.php?rest_route=\/wp\/v2\/users\/1"}],"replies":[{"embeddable":true,"href":"https:\/\/wp.cycling-family.info\/index.php?rest_route=%2Fwp%2Fv2%2Fcomments&post=1054"}],"version-history":[{"count":16,"href":"https:\/\/wp.cycling-family.info\/index.php?rest_route=\/wp\/v2\/pages\/1054\/revisions"}],"predecessor-version":[{"id":1764,"href":"https:\/\/wp.cycling-family.info\/index.php?rest_route=\/wp\/v2\/pages\/1054\/revisions\/1764"}],"wp:attachment":[{"href":"https:\/\/wp.cycling-family.info\/index.php?rest_route=%2Fwp%2Fv2%2Fmedia&parent=1054"}],"curies":[{"name":"wp","href":"https:\/\/api.w.org\/{rel}","templated":true}]}}