{"id":450,"date":"2013-08-07T12:20:06","date_gmt":"2013-08-07T10:20:06","guid":{"rendered":"http:\/\/wp.cycling-family.info\/?page_id=450"},"modified":"2013-09-25T11:49:25","modified_gmt":"2013-09-25T09:49:25","slug":"rommerroute12000","status":"publish","type":"page","link":"http:\/\/wp.cycling-family.info\/?page_id=450","title":{"rendered":"R\u00f6mmerroute1\/2000"},"content":{"rendered":"<p>Unseren ersten Versuch, 2000 die R\u00f6merroute zu radeln hat leider nicht geklappt. Mein \u00e4ltester Sohn Marco sa\u00df mit mir auf dem Tandem, und Timo war in unserem Chariot untergebracht.Der Chariot Chauffeur ist eigentlich ein Kindertrailer der sehr gut zu bel\u00fcften ist, aber trotz aller Luftzirkulation wurde es im Trailer sehr hei\u00df. Der Wetterbericht versprach noch weitere Temperatursteigerungen bis 30\u00b0 im Schatten so da\u00df es f\u00fcr mich nur zwei wirklich gute Alternativen zum Radfahren gab. Schwimmen gehen und Eis essen, und uns blieb die Chance es zu einem sp\u00e4teren Zeitpunkt noch einmal zu versuchen.<\/p>\nngg_shortcode_0_placeholder\n<p>&nbsp;<\/p>\n<p>&nbsp;<\/p>\n","protected":false},"excerpt":{"rendered":"<p>Unseren ersten Versuch, 2000 die R\u00f6merroute zu radeln hat leider nicht geklappt. Mein \u00e4ltester Sohn Marco sa\u00df mit mir auf dem Tandem, und Timo war in unserem Chariot untergebracht.Der Chariot Chauffeur ist eigentlich ein Kindertrailer der sehr gut zu bel\u00fcften &hellip; <a href=\"http:\/\/wp.cycling-family.info\/?page_id=450\">Weiterlesen <span class=\"meta-nav\">&rarr;<\/span><\/a><\/p>\n","protected":false},"author":1,"featured_media":0,"parent":0,"menu_order":0,"comment_status":"closed","ping_status":"closed","template":"","meta":{"ngg_post_thumbnail":0,"jetpack_post_was_ever_published":false,"footnotes":""},"jetpack_shortlink":"https:\/\/wp.me\/P3JTu5-7g","jetpack_sharing_enabled":true,"_links":{"self":[{"href":"http:\/\/wp.cycling-family.info\/index.php?rest_route=\/wp\/v2\/pages\/450"}],"collection":[{"href":"http:\/\/wp.cycling-family.info\/index.php?rest_route=\/wp\/v2\/pages"}],"about":[{"href":"http:\/\/wp.cycling-family.info\/index.php?rest_route=\/wp\/v2\/types\/page"}],"author":[{"embeddable":true,"href":"http:\/\/wp.cycling-family.info\/index.php?rest_route=\/wp\/v2\/users\/1"}],"replies":[{"embeddable":true,"href":"http:\/\/wp.cycling-family.info\/index.php?rest_route=%2Fwp%2Fv2%2Fcomments&post=450"}],"version-history":[{"count":5,"href":"http:\/\/wp.cycling-family.info\/index.php?rest_route=\/wp\/v2\/pages\/450\/revisions"}],"predecessor-version":[{"id":1246,"href":"http:\/\/wp.cycling-family.info\/index.php?rest_route=\/wp\/v2\/pages\/450\/revisions\/1246"}],"wp:attachment":[{"href":"http:\/\/wp.cycling-family.info\/index.php?rest_route=%2Fwp%2Fv2%2Fmedia&parent=450"}],"curies":[{"name":"wp","href":"https:\/\/api.w.org\/{rel}","templated":true}]}}