{"id":437,"date":"2013-08-06T12:24:20","date_gmt":"2013-08-06T10:24:20","guid":{"rendered":"http:\/\/wp.cycling-family.info\/?page_id=437"},"modified":"2013-10-28T09:57:47","modified_gmt":"2013-10-28T07:57:47","slug":"bob-ibexbob-dog-ibex","status":"publish","type":"page","link":"http:\/\/wp.cycling-family.info\/?page_id=437","title":{"rendered":"BoB Ibex\/BoB Dog Ibex"},"content":{"rendered":"<p>Der BoB &#8222;DoG&#8220; Ibex<\/p>\n<p>So sieht unsere Transportl\u00f6sung f\u00fcr unseren Tibetterrier aus, genannt BoB Dog Ibex.<\/p>\n<p style=\"text-align: center;\"><img loading=\"lazy\" decoding=\"async\" class=\"aligncenter\" title=\"BoB (Dog) Ibex der Cycling Family\" alt=\"\" src=\"http:\/\/wp.cycling-family.info\/wp-content\/galleries\/ausruestung\/bob-dog-ibex001.jpg\" width=\"640\" height=\"426\" \/><\/p>\n<p style=\"text-align: center;\"><img loading=\"lazy\" decoding=\"async\" class=\"aligncenter\" title=\"Fenster nach vorne an Diegos BoB Ibex\" alt=\"\" src=\"http:\/\/wp.cycling-family.info\/wp-content\/galleries\/ausruestung\/bob-dog-ibex002.jpg\" width=\"426\" height=\"640\" \/><\/p>\n<p style=\"text-align: center;\"><img loading=\"lazy\" decoding=\"async\" class=\"aligncenter\" title=\"Aussicht nach hinten beim BoB (Dog) Ibex\" alt=\"\" src=\"http:\/\/wp.cycling-family.info\/wp-content\/galleries\/ausruestung\/bob-dog-ibex003.jpg\" width=\"426\" height=\"640\" \/><\/p>\n<p>Manch einer mag sich vielleicht Fragen ob unser Hund nicht nass werden darf oder ob er u.U. einl\u00e4uft wenn er zu feucht wird.<\/p>\n<p>Aber es gibt daf\u00fcr drei gute Gr\u00fcnde<\/p>\n<ol>\n<li>Wird unser Hund nicht gerne nass, er macht um alle Pf\u00fctzen einen gro\u00dfen Bogen.<\/li>\n<li>Bringt ein nasser Hund sehr viel Feuchtigkeit\/Kondenswasser ins Zelt.<\/li>\n<li>Kann auch ein Hund krank werden, wenn er nass ist und im kalten Fahrtwind sitzt.<\/li>\n<\/ol>\n<p>Diego kann auch bei geschlossenem Verdeck nach vorne,und hinten rausgucken und ist so optimal vor dem kalten Fahrtwind gesch\u00fctzt.<\/p>\n<p>Diego ist in seinem Trailer an einem Karabiner mit Gurtband gesichert und tr\u00e4gt w\u00e4hrend der Fahrt ein Geschirr. Damit er nicht pl\u00f6tzlich, wenn er sich erschrickt und aus dem BoB h\u00fcpft und im Verkehr eine Gefahr f\u00fcr sich und andere wird.<\/p>\n<p>Das innere besteht aus einem Weidenkorb der in England von einem Korbmacher speziell auf Bestellung f\u00fcr den BoB Ibex\/Yak angefertigt wird, kostet 118 Englische Pfund.(<a title=\"Hembrow Baskets\" href=\"http:\/\/www.hembrow.eu\/bobyak.html\" target=\"_blank\">www.hembrow.eu<\/a>) Wir haben f\u00fcr den Korb eine einfache Isomatte zurecht geschnitten und dort liegt noch Diegos Decke darauf.<\/p>\n<p>Der Rest wie das Verdeck und der Einsatz f\u00fcr den Korb, sind selbst entworfen und gen\u00e4ht .<\/p>\n","protected":false},"excerpt":{"rendered":"<p>Der BoB &#8222;DoG&#8220; Ibex So sieht unsere Transportl\u00f6sung f\u00fcr unseren Tibetterrier aus, genannt BoB Dog Ibex. Manch einer mag sich vielleicht Fragen ob unser Hund nicht nass werden darf oder ob er u.U. einl\u00e4uft wenn er zu feucht wird. Aber &hellip; <a href=\"http:\/\/wp.cycling-family.info\/?page_id=437\">Weiterlesen <span class=\"meta-nav\">&rarr;<\/span><\/a><\/p>\n","protected":false},"author":1,"featured_media":0,"parent":0,"menu_order":0,"comment_status":"closed","ping_status":"closed","template":"","meta":{"ngg_post_thumbnail":0,"jetpack_post_was_ever_published":false,"footnotes":""},"jetpack_shortlink":"https:\/\/wp.me\/P3JTu5-73","jetpack_sharing_enabled":true,"_links":{"self":[{"href":"http:\/\/wp.cycling-family.info\/index.php?rest_route=\/wp\/v2\/pages\/437"}],"collection":[{"href":"http:\/\/wp.cycling-family.info\/index.php?rest_route=\/wp\/v2\/pages"}],"about":[{"href":"http:\/\/wp.cycling-family.info\/index.php?rest_route=\/wp\/v2\/types\/page"}],"author":[{"embeddable":true,"href":"http:\/\/wp.cycling-family.info\/index.php?rest_route=\/wp\/v2\/users\/1"}],"replies":[{"embeddable":true,"href":"http:\/\/wp.cycling-family.info\/index.php?rest_route=%2Fwp%2Fv2%2Fcomments&post=437"}],"version-history":[{"count":10,"href":"http:\/\/wp.cycling-family.info\/index.php?rest_route=\/wp\/v2\/pages\/437\/revisions"}],"predecessor-version":[{"id":1468,"href":"http:\/\/wp.cycling-family.info\/index.php?rest_route=\/wp\/v2\/pages\/437\/revisions\/1468"}],"wp:attachment":[{"href":"http:\/\/wp.cycling-family.info\/index.php?rest_route=%2Fwp%2Fv2%2Fmedia&parent=437"}],"curies":[{"name":"wp","href":"https:\/\/api.w.org\/{rel}","templated":true}]}}