{"id":1549,"date":"2014-01-20T13:04:54","date_gmt":"2014-01-20T11:04:54","guid":{"rendered":"http:\/\/wp.cycling-family.info\/?page_id=1549"},"modified":"2018-10-19T21:47:11","modified_gmt":"2018-10-19T19:47:11","slug":"warum","status":"publish","type":"page","link":"http:\/\/wp.cycling-family.info\/?page_id=1549","title":{"rendered":"Warum"},"content":{"rendered":"<p class=\"bodytext\" style=\"text-align: center;\"><img loading=\"lazy\" decoding=\"async\" class=\"aligncenter\" src=\"http:\/\/wp.cycling-family.info\/wp-content\/galleries\/warum\/limfjordroute02.jpg\" alt=\"\" width=\"798\" height=\"230\"\/><\/p>\n<p class=\"bodytext\">Worum geht es bei der Cycling-Family? Na klar, um eine Familie auf Fahrr\u00e4dern. Es geht uns als Familie darum die Sch\u00f6pfung so zu erleben, dass man auch etwas davon hat und zwar life und in Farbe und das man nicht permanent von einer sch\u00fctzenden Karosserie umgeben ist. Man erlebt die Natur auf dem Rad viel intensiver (und zwar nicht nur dann wenn man mal wieder ein nasses Ges\u00e4\u00df bekommt), au\u00dferdem bekommt man viel schneller Kontakt zur Bev\u00f6lkerung. Es geht uns nicht darum zu sagen wir schaffen soundsoviel Kilometer am Tag und das ohne R\u00fccksicht auf Verluste. Wir versuchen unsere Touren kindgerecht zu gestalten und haben mit den Jahren gelernt, das es auch Situationen gibt wo es manchmal besser ist eine Tour abzubrechen. Wenn das Wetter z.B. zu hei\u00df ist oder der K\u00f6rper bei dem ein oder anderen nicht mehr mitspielt.<\/p>\n<p class=\"bodytext\">Wie kommt man nun auf die Idee, als Family Radtouren \u00fcber mehrere Wochen zu unternehmen? Nun das mag bei jedem anders sein und auch anders funktionieren. Aber bei uns hat das ganz klein angefangen und ist langsam gewachsen. Mit kurzen Wochenendtripps, mit einem oder zwei Kindern. Dann wurde die Anzahl der Kids die mitwollten, immer gr\u00f6\u00dfer. Bis wir uns irgendwann entschlossen haben unseren Sommerurlaub als ganze Family auf den Bikes zu verbringen. Manchmal ganz, aber auch durchaus manchmal so das wir eine Woche Rad fahren und eine andere Woche was anderes machen. Wir m\u00f6chten mit unserer Website einfach ein paar Tipps und Ideen weitergeben, die Euch helfen k\u00f6nnen mit Euren Kids auch Radtouren zu unternehmen. Das Abenteuer wartet meistens schon direkt vor der Haust\u00fcr.<\/p>\n<p class=\"bodytext\">Tom und Family<\/p>\n","protected":false},"excerpt":{"rendered":"<p>Worum geht es bei der Cycling-Family? Na klar, um eine Familie auf Fahrr\u00e4dern. Es geht uns als Familie darum die Sch\u00f6pfung so zu erleben, dass man auch etwas davon hat und zwar life und in Farbe und das man nicht &hellip; <a href=\"http:\/\/wp.cycling-family.info\/?page_id=1549\">Weiterlesen <span class=\"meta-nav\">&rarr;<\/span><\/a><\/p>\n","protected":false},"author":1,"featured_media":0,"parent":0,"menu_order":0,"comment_status":"closed","ping_status":"closed","template":"","meta":{"ngg_post_thumbnail":0,"jetpack_post_was_ever_published":false,"footnotes":""},"jetpack_shortlink":"https:\/\/wp.me\/P3JTu5-oZ","jetpack_sharing_enabled":true,"_links":{"self":[{"href":"http:\/\/wp.cycling-family.info\/index.php?rest_route=\/wp\/v2\/pages\/1549"}],"collection":[{"href":"http:\/\/wp.cycling-family.info\/index.php?rest_route=\/wp\/v2\/pages"}],"about":[{"href":"http:\/\/wp.cycling-family.info\/index.php?rest_route=\/wp\/v2\/types\/page"}],"author":[{"embeddable":true,"href":"http:\/\/wp.cycling-family.info\/index.php?rest_route=\/wp\/v2\/users\/1"}],"replies":[{"embeddable":true,"href":"http:\/\/wp.cycling-family.info\/index.php?rest_route=%2Fwp%2Fv2%2Fcomments&post=1549"}],"version-history":[{"count":3,"href":"http:\/\/wp.cycling-family.info\/index.php?rest_route=\/wp\/v2\/pages\/1549\/revisions"}],"predecessor-version":[{"id":2412,"href":"http:\/\/wp.cycling-family.info\/index.php?rest_route=\/wp\/v2\/pages\/1549\/revisions\/2412"}],"wp:attachment":[{"href":"http:\/\/wp.cycling-family.info\/index.php?rest_route=%2Fwp%2Fv2%2Fmedia&parent=1549"}],"curies":[{"name":"wp","href":"https:\/\/api.w.org\/{rel}","templated":true}]}}