{"id":1291,"date":"2013-09-27T11:51:00","date_gmt":"2013-09-27T09:51:00","guid":{"rendered":"http:\/\/wp.cycling-family.info\/?page_id=1291"},"modified":"2015-01-11T17:36:28","modified_gmt":"2015-01-11T15:36:28","slug":"selbstaufbau-santos-tandem-2","status":"publish","type":"page","link":"http:\/\/wp.cycling-family.info\/?page_id=1291","title":{"rendered":"Selbstaufbau Santos Double Travel Tandem"},"content":{"rendered":"<p style=\"text-align: center;\"><img loading=\"lazy\" decoding=\"async\" class=\"aligncenter\" title=\"Santos Double Travel Puzzel\" src=\"http:\/\/wp.cycling-family.info\/wp-content\/galleries\/tipps_santos_tandem\/tandempuzzlekomp.jpg\" alt=\"\" width=\"434\" height=\"289\" \/><\/p>\n<p><strong>Santos Doubel Travel Tandem<\/strong><\/p>\n<p style=\"text-align: center;\"><img loading=\"lazy\" decoding=\"async\" class=\"aligncenter\" title=\"Das Santos Tandem der Cycling Family \" src=\"http:\/\/wp.cycling-family.info\/wp-content\/galleries\/tipps_santos_tandem\/santos_tandem_09.jpg\" alt=\"\" width=\"640\" height=\"426\" \/><\/p>\n<p>Grundbasis eines guten Tandems ist ein solider Rahmen. Der Vorteil vom Santosrahmen ist das Hinten eine Disc mit 203mm Gr\u00f6\u00dfe zugelassen ist. Er sehr steif und spurtreu l\u00e4uft, auch unter maximal Beladung mit einem Hund im BoB der mal rechts und mal nach links wechselt. Da trennt sich Rahmentechnisch die Spreu vom Weizen. Was diesen Rahmen weiterhin auszeichnet ist das lange Oberrohr f\u00fcr den Stoker. Der einzige Rahmen den wir gefunden haben der diese L\u00e4nge hat und auf dem Lydia ihre Sitzposition die sie vom Solorad gew\u00f6hnt ist einnehmen kann. Au\u00dferdem gew\u00e4hrt Santos 10 Jahre Garantie.<\/p>\n<p><strong>Die Besonderheiten und die Gr\u00fcnde warum dieses Tandem etwas anders ist.<\/strong><\/p>\n<p><strong>I. Scheibenbremse Hinten<\/strong><\/p>\n<p style=\"text-align: center;\"><img loading=\"lazy\" decoding=\"async\" class=\"aligncenter\" title=\"Santos Tandem Disc Break hinten\" src=\"http:\/\/wp.cycling-family.info\/wp-content\/galleries\/tipps_santos_tandem\/santos_tandem_02.jpg\" alt=\"\" width=\"640\" height=\"426\" \/><\/p>\n<p>Leider gibt es noch keinen Gep\u00e4cktr\u00e4ger den wir mit dem BoB nutzen k\u00f6nnen ohne das er damit kollidiert, aus diesem Grund m\u00fcssen wir den Gep\u00e4cktr\u00e4ger immer etwas hoch setzen. Das hatte aber jetzt den Nachteil das Rohloffs Speedbone nicht mehr passte also mussten wir den Monkeybone 180 irgendwie f\u00fcr eine 203er Disc umbauen. Freunde und Verwandte aus der Metallbranche haben schnell geholfen entsprechende Teile\u00a0 zu drehen. Nun l\u00e4uft die Bremse recht gut.<\/p>\n<p><strong>II. Die Rohloffnabe<\/strong><\/p>\n<p style=\"text-align: center;\"><img loading=\"lazy\" decoding=\"async\" class=\"aligncenter\" title=\"Rohloff Speedhub am Santos Tandem \" src=\"http:\/\/wp.cycling-family.info\/wp-content\/galleries\/tipps_santos_tandem\/santos_tandem_03.jpg\" alt=\"\" width=\"640\" height=\"426\" \/><\/p>\n<p>Unsere erste mit 36 Loch eine der besten Entscheidungen f\u00fcr ein Tandem. L\u00e4sst sich problemlos schalten, auch im Stand. Man kann schnell mal 4-5 G\u00e4nge hoch oder runter schalten ohne das irgendwas rasselt oder knackt.<\/p>\n<p style=\"text-align: left;\"><strong>III. Doppelkettenblatt Vorne<\/strong><\/p>\n<p style=\"text-align: left;\"><strong><img loading=\"lazy\" decoding=\"async\" class=\"aligncenter\" title=\"Doppelkettenblatt am Santos Doubel Travel\" src=\"http:\/\/wp.cycling-family.info\/wp-content\/galleries\/tipps_santos_tandem\/santos_tandem_10.jpg\" alt=\"\" width=\"640\" height=\"426\" \/><\/strong><\/p>\n<p>Wie macht man aus 14, 16 G\u00e4nge an der Rohloff. Kettenbl\u00e4tter mit 49 und 38 Z\u00e4hnen. Das bedeutet man kann in der Ebene Dampf machen wenn man ohne Gep\u00e4ck unterwegs ist und hat immer noch eine gute Bergtauglichkeit.<\/p>\n<p><strong>IV.Vorderrad<\/strong><\/p>\n<p style=\"text-align: center;\"><img loading=\"lazy\" decoding=\"async\" class=\"aligncenter\" title=\"Santos Tandem Vorderrad \" src=\"http:\/\/wp.cycling-family.info\/wp-content\/galleries\/tipps_santos_tandem\/santos_tandem_05.jpg\" alt=\"\" width=\"640\" height=\"426\" \/><\/p>\n<p>1. Langes SKS Hinterradschutzblech vorne, geht tief runter und verhindert oben das der Gegenwind einem das Wasser nicht auf die Klotten pustet.<\/p>\n<p>2. Hebie Low Rider und Highrider am Tandem ist ein Highrider immer eine gute Erg\u00e4nzung.<\/p>\n<p>3. Hebie Low Rider St\u00fctze.<\/p>\n<p>4. Doppelte Bremsanlage? Was soll das? Ist vorraussichtlich eine vor\u00fcbergehende Sache bis wir sicher sind das die hintere Discbreak zuverl\u00e4ssig funktioniert mit den Distanzst\u00fccken.<\/p>\n<p><strong>V. 4 Bremsen<\/strong><\/p>\n<p style=\"text-align: center;\"><img loading=\"lazy\" decoding=\"async\" class=\"aligncenter\" title=\"Maguras am Santos Tandem \" src=\"http:\/\/wp.cycling-family.info\/wp-content\/galleries\/tipps_santos_tandem\/santos_tandem_06.jpg\" alt=\"\" width=\"640\" height=\"426\" \/><\/p>\n<p>Zur Zeit das beste was Magura zu bieten hat die HS33 und die MT4. Mit der HS33 haben wir problemlos \u00fcber 10 Jahre unser altes Tandem erfolgreich zum Stehen gebracht. Aber die Zeiten \u00e4ndern sich und wir haben gedacht wir geben der Discbrak einmal eine Chance. Unser erstes Fazit ist, deutlich bessere Bremsleistung.<\/p>\n<p>Vorteil von 4 Bremshebeln ist das ich aus meinen bevorzugten Griffpositionen immer Bremsen kann ohne umgreifen zu m\u00fcssen.<\/p>\n<p><strong>VI. Kettenspanner<\/strong><\/p>\n<p style=\"text-align: center;\"><img loading=\"lazy\" decoding=\"async\" class=\"aligncenter\" title=\"Kettenspanner am Santostandem vorderes Tretlager\" src=\"http:\/\/wp.cycling-family.info\/wp-content\/galleries\/tipps_santos_tandem\/santos_tandem_08.jpg\" alt=\"\" width=\"640\" height=\"426\" \/><\/p>\n<p>Warum ein Kettenspanner wenn man einen Exzenter hat? Exzenter sind eine sehr effektive und elegante Art eine Kette zu spannen.<\/p>\n<p>Aber sie haben einen Nachteil, jedes spannen der Kette ver\u00e4ndert die Tretlagerposition und somit die Sitzposition. Leider reagieren meine Knie darauf immer sehr empfindlich und ich brauche dann immer 2-3 Tage an der ich mich mit Knieschmerzen an die neue Sitzposition gew\u00f6hnen muss. Oder ich muss alles neu einstellen Sattel etwas tiefer und etwas nach vorne. Wenn es so klappt w\u00e4re das f\u00fcr uns die einfachste L\u00f6sung. Ansonsten k\u00f6nnen wir ja immer noch auf die Exzenter zur\u00fcck greifen. Die haben \u00fcbrigens den Vorteil das man wenn man ihn ganz nach hinten macht (Stokerposition) man noch 10mm raus holen kann. So kann man aus dem schon langen Oberrohr von 750mm eins mit 760mm machen und hat noch etwas mehr Sitzl\u00e4nge.<\/p>\n<p>Spezifikation:<\/p>\n<ul>\n<li>\u00a0\u00a0\u00a0\u00a0\u00a0\u00a0\u00a0 Rahmen: Santos Doubel Travel<\/li>\n<li>\u00a0\u00a0\u00a0\u00a0\u00a0\u00a0\u00a0 Schaltung Hinten: Rohloff Speedhub 36 Loch<\/li>\n<li>\u00a0\u00a0\u00a0\u00a0\u00a0\u00a0\u00a0 Schaltung Vorne: Shimano XT 2 Fach 49\/36 Z\u00e4hne<\/li>\n<li>\u00a0\u00a0\u00a0\u00a0\u00a0\u00a0\u00a0 Rohloffdrehgriff<\/li>\n<li>\u00a0\u00a0\u00a0\u00a0\u00a0\u00a0\u00a0 Schalthebel: Shimano XT\u00a0 Rapidfire Schalthebel SL-M780<\/li>\n<li>\u00a0\u00a0\u00a0\u00a0\u00a0\u00a0\u00a0 Bremsen: Magura MT 4 und Magura HS33<\/li>\n<li>\u00a0\u00a0\u00a0\u00a0\u00a0\u00a0\u00a0 Nabe Vorne: Son 28 Klassic Disc<\/li>\n<li>\u00a0\u00a0\u00a0\u00a0\u00a0\u00a0\u00a0 Felgen: Rigida Andra 40 36 Loch V+H<\/li>\n<li>\u00a0\u00a0\u00a0\u00a0\u00a0\u00a0\u00a0 Speichen: Sapim V 254mm, H 234mm<\/li>\n<li>\u00a0\u00a0\u00a0\u00a0\u00a0\u00a0\u00a0 Reifen: Schwalbe Marathon Mondial 26 x 2.0<\/li>\n<li>\u00a0\u00a0\u00a0\u00a0\u00a0\u00a0\u00a0 Schlauch: Schwalbe mit Autoventil<\/li>\n<li>\u00a0\u00a0\u00a0\u00a0\u00a0\u00a0\u00a0 Radsch\u00fctzer: 2 SKS Hinterradsch\u00fctzer V+H montiert<\/li>\n<li>\u00a0\u00a0\u00a0\u00a0\u00a0\u00a0\u00a0 Steuersatz: Chris King<\/li>\n<li>\u00a0\u00a0\u00a0\u00a0\u00a0\u00a0\u00a0 Vorbau Kaptain: Syntace Superforce 31,8 135mm<\/li>\n<li>\u00a0\u00a0\u00a0\u00a0\u00a0\u00a0\u00a0 Lenker Kaptain: Syntace Duraflite 31.8 2014<\/li>\n<li>\u00a0\u00a0\u00a0\u00a0\u00a0\u00a0\u00a0 Bar Ends Kaptain: Litec<\/li>\n<li>\u00a0\u00a0\u00a0\u00a0\u00a0\u00a0\u00a0 Griffe:Ergon GP1<\/li>\n<li>\u00a0\u00a0\u00a0\u00a0\u00a0\u00a0\u00a0 Sattelst\u00fctze Kaptain: BBB Skyscraper 27,2mm<\/li>\n<li>\u00a0\u00a0\u00a0\u00a0\u00a0\u00a0\u00a0 Sattel Kaptain: Sportourer FLX Men<\/li>\n<li>\u00a0\u00a0\u00a0\u00a0\u00a0\u00a0\u00a0 Vorbau Stoker: Cannondale Stoker Stem<\/li>\n<li>\u00a0\u00a0\u00a0\u00a0\u00a0\u00a0\u00a0 Lenker Stoker: Humpert\u00a0 X-Tasy AL2014-T6<\/li>\n<li>\u00a0\u00a0\u00a0\u00a0\u00a0\u00a0\u00a0 Bar Ends Stoker:\u00a0 X-Act Bar-Ends Evo-1<\/li>\n<li>\u00a0\u00a0\u00a0\u00a0\u00a0\u00a0\u00a0 Griffe: Ergon GP1<\/li>\n<li>\u00a0\u00a0\u00a0\u00a0\u00a0\u00a0\u00a0 Sattelst\u00fctze Stoker: Airwings Evolution<\/li>\n<li>\u00a0\u00a0\u00a0\u00a0\u00a0\u00a0\u00a0 Sattel Stoker:Sportourer Garda Lady<\/li>\n<li>\u00a0\u00a0\u00a0\u00a0\u00a0\u00a0\u00a0 Klingel: Mounty Spezial Charly<\/li>\n<li>\u00a0\u00a0\u00a0\u00a0\u00a0\u00a0\u00a0 Low Rider: Hebie low Rider 195<\/li>\n<li>\u00a0\u00a0\u00a0\u00a0\u00a0\u00a0\u00a0 High Rider: Hebie Tournee VR (leider nicht mehr verf\u00fcgbar)<\/li>\n<li>\u00a0\u00a0\u00a0\u00a0\u00a0\u00a0\u00a0 Hinterradtr\u00e4gertr\u00e4ger: Tubus Cosmo<\/li>\n<li>\u00a0\u00a0\u00a0\u00a0\u00a0\u00a0\u00a0 Tretlager: 2 x Standardtretlager Sugino XD 170mm<\/li>\n<li>\u00a0\u00a0\u00a0\u00a0\u00a0\u00a0\u00a0 Kettenspanner hinten: Rohloff<\/li>\n<li>\u00a0\u00a0\u00a0\u00a0\u00a0\u00a0\u00a0 Rohloff DH Kettenspanner Vorne am NC-17 <span class=\"name\">Tensioner <\/span>Stinger<\/li>\n<li>\u00a0\u00a0\u00a0\u00a0\u00a0\u00a0\u00a0 Innnenlager: Token Vierkant Innenlager<\/li>\n<li>\u00a0\u00a0\u00a0\u00a0\u00a0\u00a0\u00a0 Vorderlicht: B&amp;M Lumotec IQ Cyo R Senso Plus<\/li>\n<li>\u00a0\u00a0\u00a0\u00a0\u00a0\u00a0\u00a0 R\u00fccklicht: B&amp;M Toplight Line Brake Plus<\/li>\n<li>\u00a0\u00a0\u00a0\u00a0\u00a0\u00a0\u00a0 Spiegel: B&amp;M Cycel Star<\/li>\n<\/ul>\n<p><strong>\u00a0<\/strong><\/p>\n<p>&nbsp;<\/p>\n","protected":false},"excerpt":{"rendered":"<p>Santos Doubel Travel Tandem Grundbasis eines guten Tandems ist ein solider Rahmen. Der Vorteil vom Santosrahmen ist das Hinten eine Disc mit 203mm Gr\u00f6\u00dfe zugelassen ist. Er sehr steif und spurtreu l\u00e4uft, auch unter maximal Beladung mit einem Hund im &hellip; <a href=\"http:\/\/wp.cycling-family.info\/?page_id=1291\">Weiterlesen <span class=\"meta-nav\">&rarr;<\/span><\/a><\/p>\n","protected":false},"author":1,"featured_media":0,"parent":0,"menu_order":0,"comment_status":"closed","ping_status":"closed","template":"","meta":{"ngg_post_thumbnail":0,"jetpack_post_was_ever_published":false,"footnotes":""},"jetpack_shortlink":"https:\/\/wp.me\/P3JTu5-kP","jetpack_sharing_enabled":true,"_links":{"self":[{"href":"http:\/\/wp.cycling-family.info\/index.php?rest_route=\/wp\/v2\/pages\/1291"}],"collection":[{"href":"http:\/\/wp.cycling-family.info\/index.php?rest_route=\/wp\/v2\/pages"}],"about":[{"href":"http:\/\/wp.cycling-family.info\/index.php?rest_route=\/wp\/v2\/types\/page"}],"author":[{"embeddable":true,"href":"http:\/\/wp.cycling-family.info\/index.php?rest_route=\/wp\/v2\/users\/1"}],"replies":[{"embeddable":true,"href":"http:\/\/wp.cycling-family.info\/index.php?rest_route=%2Fwp%2Fv2%2Fcomments&post=1291"}],"version-history":[{"count":31,"href":"http:\/\/wp.cycling-family.info\/index.php?rest_route=\/wp\/v2\/pages\/1291\/revisions"}],"predecessor-version":[{"id":1790,"href":"http:\/\/wp.cycling-family.info\/index.php?rest_route=\/wp\/v2\/pages\/1291\/revisions\/1790"}],"wp:attachment":[{"href":"http:\/\/wp.cycling-family.info\/index.php?rest_route=%2Fwp%2Fv2%2Fmedia&parent=1291"}],"curies":[{"name":"wp","href":"https:\/\/api.w.org\/{rel}","templated":true}]}}