{"id":1101,"date":"2013-09-11T17:17:35","date_gmt":"2013-09-11T15:17:35","guid":{"rendered":"http:\/\/wp.cycling-family.info\/?page_id=1101"},"modified":"2013-10-28T09:52:11","modified_gmt":"2013-10-28T07:52:11","slug":"bob-yak","status":"publish","type":"page","link":"http:\/\/wp.cycling-family.info\/?page_id=1101","title":{"rendered":"BoB Yak"},"content":{"rendered":"<p>Der Bob Yak war nicht auf allen Touren dabei, wird also nur bei Bedarf eingesetzt. Aber immer gern am Tandem, weil man ja sonst auch nicht mehr Packtaschen anh\u00e4ngen kann als auf einem Solorad. Wir haben uns ein Zubeh\u00f6r anfertigen lassen, so k\u00f6nnen wir den Bob auch als Tisch nutzen.<\/p>\n<p style=\"text-align: center;\"><img loading=\"lazy\" decoding=\"async\" class=\"aligncenter\" title=\"Der Bob Yak der Cycling Family\" alt=\"\" src=\"http:\/\/wp.cycling-family.info\/wp-content\/galleries\/tipps\/bob_yak01.jpg\" width=\"640\" height=\"426\" \/><\/p>\n<p style=\"text-align: center;\"><img loading=\"lazy\" decoding=\"async\" class=\"aligncenter\" title=\"BoB Yak als Tisch\" alt=\"\" src=\"http:\/\/wp.cycling-family.info\/wp-content\/galleries\/tipps\/bob_yak02.jpg\" width=\"640\" height=\"426\" \/><\/p>\n","protected":false},"excerpt":{"rendered":"<p>Der Bob Yak war nicht auf allen Touren dabei, wird also nur bei Bedarf eingesetzt. Aber immer gern am Tandem, weil man ja sonst auch nicht mehr Packtaschen anh\u00e4ngen kann als auf einem Solorad. Wir haben uns ein Zubeh\u00f6r anfertigen &hellip; <a href=\"http:\/\/wp.cycling-family.info\/?page_id=1101\">Weiterlesen <span class=\"meta-nav\">&rarr;<\/span><\/a><\/p>\n","protected":false},"author":1,"featured_media":0,"parent":0,"menu_order":0,"comment_status":"closed","ping_status":"closed","template":"","meta":{"ngg_post_thumbnail":0,"jetpack_post_was_ever_published":false,"footnotes":""},"jetpack_shortlink":"https:\/\/wp.me\/P3JTu5-hL","jetpack_sharing_enabled":true,"_links":{"self":[{"href":"http:\/\/wp.cycling-family.info\/index.php?rest_route=\/wp\/v2\/pages\/1101"}],"collection":[{"href":"http:\/\/wp.cycling-family.info\/index.php?rest_route=\/wp\/v2\/pages"}],"about":[{"href":"http:\/\/wp.cycling-family.info\/index.php?rest_route=\/wp\/v2\/types\/page"}],"author":[{"embeddable":true,"href":"http:\/\/wp.cycling-family.info\/index.php?rest_route=\/wp\/v2\/users\/1"}],"replies":[{"embeddable":true,"href":"http:\/\/wp.cycling-family.info\/index.php?rest_route=%2Fwp%2Fv2%2Fcomments&post=1101"}],"version-history":[{"count":3,"href":"http:\/\/wp.cycling-family.info\/index.php?rest_route=\/wp\/v2\/pages\/1101\/revisions"}],"predecessor-version":[{"id":1465,"href":"http:\/\/wp.cycling-family.info\/index.php?rest_route=\/wp\/v2\/pages\/1101\/revisions\/1465"}],"wp:attachment":[{"href":"http:\/\/wp.cycling-family.info\/index.php?rest_route=%2Fwp%2Fv2%2Fmedia&parent=1101"}],"curies":[{"name":"wp","href":"https:\/\/api.w.org\/{rel}","templated":true}]}}